{"id":641,"date":"2025-06-10T15:23:11","date_gmt":"2025-06-10T13:23:11","guid":{"rendered":"https:\/\/www.najarian.projetsmmichamps.fr\/gods\/?page_id=641"},"modified":"2025-06-11T17:13:02","modified_gmt":"2025-06-11T15:13:02","slug":"mentions-legales","status":"publish","type":"page","link":"https:\/\/www.najarian.projetsmmichamps.fr\/gods\/mentions-legales\/","title":{"rendered":"Mentions l\u00e9gales"},"content":{"rendered":"\t\t<div data-elementor-type=\"wp-page\" data-elementor-id=\"641\" class=\"elementor elementor-641\">\n\t\t\t\t<div class=\"elementor-element elementor-element-2c5a53c e-flex e-con-boxed wpr-particle-no wpr-jarallax-no wpr-parallax-no wpr-sticky-section-no wpr-column-slider-no wpr-equal-height-no e-con e-parent\" data-id=\"2c5a53c\" data-element_type=\"container\" data-e-type=\"container\">\n\t\t\t\t\t<div class=\"e-con-inner\">\n\t\t\t\t<div class=\"elementor-element elementor-element-9b4fe49 elementor-widget elementor-widget-heading\" data-id=\"9b4fe49\" data-element_type=\"widget\" data-e-type=\"widget\" data-widget_type=\"heading.default\">\n\t\t\t\t<div class=\"elementor-widget-container\">\n\t\t\t\t\t<h2 class=\"elementor-heading-title elementor-size-default\">Mentions l\u00e9gales<\/h2>\t\t\t\t<\/div>\n\t\t\t\t<\/div>\n\t\t\t\t<div class=\"elementor-element elementor-element-d0cbaa2 elementor-widget elementor-widget-heading\" data-id=\"d0cbaa2\" data-element_type=\"widget\" data-e-type=\"widget\" data-widget_type=\"heading.default\">\n\t\t\t\t<div class=\"elementor-widget-container\">\n\t\t\t\t\t<h2 class=\"elementor-heading-title elementor-size-default\">\u00c9dition du site<\/h2>\t\t\t\t<\/div>\n\t\t\t\t<\/div>\n\t\t\t\t<div class=\"elementor-element elementor-element-088421c elementor-widget elementor-widget-text-editor\" data-id=\"088421c\" data-element_type=\"widget\" data-e-type=\"widget\" data-widget_type=\"text-editor.default\">\n\t\t\t\t<div class=\"elementor-widget-container\">\n\t\t\t\t\t\t\t\t\t<p>En vertu de\u00a0<a href=\"https:\/\/www.legifrance.gouv.fr\/affichTexte.do?cidTexte=JORFTEXT000000801164#LEGIARTI000042038977\" target=\"_blank\" rel=\"noreferrer noopener\">l\u2019article 6 de la loi n\u00b0 2004-575 du 21 juin 2004<\/a> pour la confiance dans l\u2019\u00e9conomie num\u00e9rique, il est pr\u00e9cis\u00e9 aux utilisateurs du site internet GODS\u00a0l\u2019identit\u00e9 des diff\u00e9rents intervenants dans le cadre de sa r\u00e9alisation et de son suivi:<\/p><p><strong>Propri\u00e9taire du site :\u00a0<\/strong>L\u2019association Groupe ornithologique des Deux-S\u00e8vres, enregistr\u00e9e aupr\u00e8s de la pr\u00e9fecture\/sous-pr\u00e9fecture de 79 \u2013 Pr\u00e9fecture Niort sous le num\u00e9ro W792000251, ayant son si\u00e8ge situ\u00e9 \u00e0 Espace associatif \u2013 Langevin Wallon \u2013 48 rue Rouget de l\u2019Isle 79000 Niort, repr\u00e9sent\u00e9e par Jean Worms d\u00fbment habilit\u00e9(e). \u2013 Contact : contact@ornitho79.org 05 49 09 24 49 \u2013 Adresse : Espace associatif \u2013 Langevin Wallon \u2013 48 rue Rouget de l\u2019Isle 79000 Niort.<\/p><p><strong>Identification de l\u2019entreprise :<\/strong>\u00a0L\u2019association Groupe ornithologique des Deux-S\u00e8vres, enregistr\u00e9e aupr\u00e8s de la pr\u00e9fecture\/sous-pr\u00e9fecture de 79 \u2013 Pr\u00e9fecture Niort sous le num\u00e9ro W792000251, ayant son si\u00e8ge situ\u00e9 \u00e0 Espace associatif \u2013 Langevin Wallon \u2013 48 rue Rouget de l\u2019Isle 79000 Niort, repr\u00e9sent\u00e9e par Jean Worms d\u00fbment habilit\u00e9(e). au capital social de \u20ac \u2013 SIREN : 401891171 \u2013 RCS ou RM : \u2013 Adresse postale : Espace associatif \u2013 Langevin Wallon \u2013 48 rue Rouget de l\u2019Isle 79000 Niort.<\/p><p><strong>Directeur de la publication :\u00a0<\/strong>Jean Worms \u2013 Contact : contact@ornitho79.org.<\/p><p><strong>H\u00e9bergeur :<\/strong>\u00a0Infomaniak \u2013 Rue Eug\u00e8ne-Marziano 25, 1227 Gen\u00e8ve, Suisse \u2013 T\u00e9l\u00e9phone : +41.22.820.35.44<\/p><p><strong>D\u00e9l\u00e9gu\u00e9 \u00e0 la protection des donn\u00e9es :<\/strong>\u00a0\u2013<\/p><p><strong>Autres contributeurs :<\/strong>\u00a0Cr\u00e9ation du site internet par Alice Belain Communication \u2013 Site internet :\u00a0<a title=\"\" href=\"https:\/\/www.alice-belain.com\/\" target=\"_blank\" rel=\"noopener\">www.alice-belain.com<\/a><\/p>\t\t\t\t\t\t\t\t<\/div>\n\t\t\t\t<\/div>\n\t\t\t\t<div class=\"elementor-element elementor-element-cba072f elementor-widget elementor-widget-heading\" data-id=\"cba072f\" data-element_type=\"widget\" data-e-type=\"widget\" data-widget_type=\"heading.default\">\n\t\t\t\t<div class=\"elementor-widget-container\">\n\t\t\t\t\t<h2 class=\"elementor-heading-title elementor-size-default\">Propri\u00e9t\u00e9 intellectuelle et contrefa\u00e7ons<\/h2>\t\t\t\t<\/div>\n\t\t\t\t<\/div>\n\t\t\t\t<div class=\"elementor-element elementor-element-29f9020 elementor-widget elementor-widget-text-editor\" data-id=\"29f9020\" data-element_type=\"widget\" data-e-type=\"widget\" data-widget_type=\"text-editor.default\">\n\t\t\t\t<div class=\"elementor-widget-container\">\n\t\t\t\t\t\t\t\t\t<p><strong>L\u2019association Groupe ornithologique des Deux-S\u00e8vres<\/strong>\u00a0est propri\u00e9taire des droits de propri\u00e9t\u00e9 intellectuelle et d\u00e9tient les droits d\u2019usage sur tous les \u00e9l\u00e9ments accessibles sur le site internet, notamment les textes, images, graphismes, logos, vid\u00e9os, architecture, ic\u00f4nes et sons.<\/p><p>Toute reproduction, repr\u00e9sentation, modification, publication, adaptation de tout ou partie des \u00e9l\u00e9ments du site, quel que soit le moyen ou le proc\u00e9d\u00e9 utilis\u00e9, est interdite, sauf autorisation \u00e9crite pr\u00e9alable de\u00a0<strong>L\u2019association Groupe ornithologique des Deux-S\u00e8vres<\/strong>.<\/p><p>Toute exploitation non autoris\u00e9e du site ou de l\u2019un quelconque des \u00e9l\u00e9ments qu\u2019il contient sera consid\u00e9r\u00e9e comme constitutive d\u2019une contrefa\u00e7on et poursuivie conform\u00e9ment aux dispositions des articles\u00a0<a href=\"https:\/\/www.legifrance.gouv.fr\/affichCodeArticle.do?idArticle=LEGIARTI000032655082&amp;cidTexte=LEGITEXT000006069414&amp;dateTexte=20160605\" target=\"_blank\" rel=\"noreferrer noopener\">L.335-2 et suivants du Code de Propri\u00e9t\u00e9 Intellectuelle<\/a>.<\/p>\t\t\t\t\t\t\t\t<\/div>\n\t\t\t\t<\/div>\n\t\t\t\t<div class=\"elementor-element elementor-element-e0de519 elementor-widget elementor-widget-heading\" data-id=\"e0de519\" data-element_type=\"widget\" data-e-type=\"widget\" data-widget_type=\"heading.default\">\n\t\t\t\t<div class=\"elementor-widget-container\">\n\t\t\t\t\t<h2 class=\"elementor-heading-title elementor-size-default\">Limitations de responsabilit\u00e9<\/h2>\t\t\t\t<\/div>\n\t\t\t\t<\/div>\n\t\t\t\t<div class=\"elementor-element elementor-element-4d211dc elementor-widget elementor-widget-text-editor\" data-id=\"4d211dc\" data-element_type=\"widget\" data-e-type=\"widget\" data-widget_type=\"text-editor.default\">\n\t\t\t\t<div class=\"elementor-widget-container\">\n\t\t\t\t\t\t\t\t\t<p><strong>L\u2019association Groupe ornithologique des Deux-S\u00e8vres<\/strong> ne pourra \u00eatre tenu pour responsable des dommages directs et indirects caus\u00e9s au mat\u00e9riel de l\u2019utilisateur, lors de l\u2019acc\u00e8s au site du GODS.<\/p><p><strong>L\u2019association Groupe ornithologique des Deux-S\u00e8vres,<\/strong> d\u00e9cline toute responsabilit\u00e9 quant \u00e0 l\u2019utilisation qui pourrait \u00eatre faite des informations et contenus pr\u00e9sents sur le site du GODS.<\/p><p><strong>L\u2019association Groupe ornithologique des Deux-S\u00e8vres,\u00a0<\/strong>s\u2019engage \u00e0 s\u00e9curiser au mieux le site site du GODS, cependant sa responsabilit\u00e9 ne pourra \u00eatre mise en cause si des donn\u00e9es ind\u00e9sirables sont import\u00e9es et install\u00e9es sur son site \u00e0 son insu.<\/p><p>Des espaces interactifs (espace contact ou commentaires) sont \u00e0 la disposition des utilisateurs.\u00a0<strong>L\u2019association Groupe ornithologique des Deux-S\u00e8vres<\/strong>\u00a0se r\u00e9serve le droit de supprimer, sans mise en demeure pr\u00e9alable, tout contenu d\u00e9pos\u00e9 dans cet espace qui contreviendrait \u00e0 la l\u00e9gislation applicable en France, en particulier aux dispositions relatives \u00e0 la protection des donn\u00e9es.<\/p><p>Le cas \u00e9ch\u00e9ant,\u00a0<strong>L\u2019association Groupe ornithologique des Deux-S\u00e8vres<\/strong>\u00a0se r\u00e9serve \u00e9galement la possibilit\u00e9 de mettre en cause la responsabilit\u00e9 civile et\/ou p\u00e9nale de l\u2019utilisateur, notamment en cas de message \u00e0 caract\u00e8re raciste, injurieux, diffamant, ou pornographique, quel que soit le support utilis\u00e9 (texte, photographie \u2026).<\/p>\t\t\t\t\t\t\t\t<\/div>\n\t\t\t\t<\/div>\n\t\t\t\t<div class=\"elementor-element elementor-element-338eb75 elementor-widget elementor-widget-heading\" data-id=\"338eb75\" data-element_type=\"widget\" data-e-type=\"widget\" data-widget_type=\"heading.default\">\n\t\t\t\t<div class=\"elementor-widget-container\">\n\t\t\t\t\t<h2 class=\"elementor-heading-title elementor-size-default\">CNIL et gestion des donn\u00e9es personnelles<\/h2>\t\t\t\t<\/div>\n\t\t\t\t<\/div>\n\t\t\t\t<div class=\"elementor-element elementor-element-c8807e3 elementor-widget elementor-widget-text-editor\" data-id=\"c8807e3\" data-element_type=\"widget\" data-e-type=\"widget\" data-widget_type=\"text-editor.default\">\n\t\t\t\t<div class=\"elementor-widget-container\">\n\t\t\t\t\t\t\t\t\t<p><span style=\"font-weight: 400;\">Conform\u00e9ment aux dispositions de <\/span><a href=\"https:\/\/www.legifrance.gouv.fr\/affichTexte.do?cidTexte=JORFTEXT000000886460\"><span style=\"font-weight: 400;\">la loi 78-17 du 6 janvier 1978 modifi\u00e9e<\/span><\/a><span style=\"font-weight: 400;\">, l\u2019utilisateur du site <\/span><b>GODS<\/b><span style=\"font-weight: 400;\"> dispose d\u2019un droit d\u2019acc\u00e8s, de modification et de suppression des informations collect\u00e9es. Pour exercer ce droit, envoyez un message \u00e0 contact@ornitho79.org.<\/span><\/p><p><span style=\"font-weight: 400;\">Pour plus d\u2019informations sur la fa\u00e7on dont nous traitons vos donn\u00e9es (type de donn\u00e9es, finalit\u00e9, destinataire\u2026), lisez notre <\/span><a href=\"https:\/\/www.najarian.projetsmmichamps.fr\/gods\/politique-de-confidentialite\/\"><span style=\"font-weight: 400;\">Politique de confidentialit\u00e9<\/span><\/a><\/p>\t\t\t\t\t\t\t\t<\/div>\n\t\t\t\t<\/div>\n\t\t\t\t<div class=\"elementor-element elementor-element-b8f33f5 elementor-widget elementor-widget-heading\" data-id=\"b8f33f5\" data-element_type=\"widget\" data-e-type=\"widget\" data-widget_type=\"heading.default\">\n\t\t\t\t<div class=\"elementor-widget-container\">\n\t\t\t\t\t<h2 class=\"elementor-heading-title elementor-size-default\">Liens hypertextes et cookies<\/h2>\t\t\t\t<\/div>\n\t\t\t\t<\/div>\n\t\t\t\t<div class=\"elementor-element elementor-element-0f42191 elementor-widget elementor-widget-text-editor\" data-id=\"0f42191\" data-element_type=\"widget\" data-e-type=\"widget\" data-widget_type=\"text-editor.default\">\n\t\t\t\t<div class=\"elementor-widget-container\">\n\t\t\t\t\t\t\t\t\t<p>Le site du GODS\u00a0contient des liens hypertextes vers d\u2019autres sites et d\u00e9gage toute responsabilit\u00e9 \u00e0 propos de ces liens externes ou des liens cr\u00e9\u00e9s par d\u2019autres sites vers <b>GODS.<\/b><\/p><p>La navigation sur le site du GODS\u00a0est susceptible de provoquer l\u2019installation de cookie(s) sur l\u2019ordinateur de l\u2019utilisateur.<\/p><p>Un \u00ab\u00a0cookie\u00a0\u00bb est un fichier de petite taille qui enregistre des informations relatives \u00e0 la navigation d\u2019un utilisateur sur un site. Les donn\u00e9es ainsi obtenues permettent d\u2019obtenir des mesures de fr\u00e9quentation, par exemple.<\/p><p>Vous avez la possibilit\u00e9\u00a0<strong>d\u2019accepter ou de refuser les cookies<\/strong>\u00a0en modifiant les param\u00e8tres de votre navigateur. Aucun cookie ne sera d\u00e9pos\u00e9 sans votre consentement.<\/p><p>Les cookies sont enregistr\u00e9s pour une dur\u00e9e maximale de 12 mois.<\/p><p><span style=\"font-weight: 400;\">Pour plus d\u2019informations sur la fa\u00e7on dont nous traitons vos donn\u00e9es (type de donn\u00e9es, finalit\u00e9, destinataire\u2026), lisez notre <\/span><a href=\"https:\/\/www.najarian.projetsmmichamps.fr\/gods\/politique-de-confidentialite\/\"><span style=\"font-weight: 400;\">Politique de confidentialit\u00e9<\/span><\/a><\/p>\t\t\t\t\t\t\t\t<\/div>\n\t\t\t\t<\/div>\n\t\t\t\t<div class=\"elementor-element elementor-element-b20eab6 elementor-widget elementor-widget-heading\" data-id=\"b20eab6\" data-element_type=\"widget\" data-e-type=\"widget\" data-widget_type=\"heading.default\">\n\t\t\t\t<div class=\"elementor-widget-container\">\n\t\t\t\t\t<h2 class=\"elementor-heading-title elementor-size-default\">Droit applicable et attribution de juridiction.<\/h2>\t\t\t\t<\/div>\n\t\t\t\t<\/div>\n\t\t\t\t<div class=\"elementor-element elementor-element-e0837ce elementor-widget elementor-widget-text-editor\" data-id=\"e0837ce\" data-element_type=\"widget\" data-e-type=\"widget\" data-widget_type=\"text-editor.default\">\n\t\t\t\t<div class=\"elementor-widget-container\">\n\t\t\t\t\t\t\t\t\t<p>Tout litige en relation avec l\u2019utilisation du site\u00a0<strong>GODS<\/strong>\u00a0est soumis au droit fran\u00e7ais. En dehors des cas o\u00f9 la loi ne le permet pas, il est fait attribution exclusive de juridiction aux tribunaux comp\u00e9tents de\u00a0<strong>Niort<\/strong>.<\/p>\t\t\t\t\t\t\t\t<\/div>\n\t\t\t\t<\/div>\n\t\t\t\t\t<\/div>\n\t\t\t\t<\/div>\n\t\t\t\t<\/div>\n\t\t","protected":false},"excerpt":{"rendered":"<p>Mentions l\u00e9gales \u00c9dition du site En vertu de\u00a0l\u2019article 6 de la loi n\u00b0 2004-575 du 21 juin 2004 pour la confiance dans l\u2019\u00e9conomie num\u00e9rique, il est pr\u00e9cis\u00e9 aux utilisateurs du site internet GODS\u00a0l\u2019identit\u00e9 des diff\u00e9rents intervenants dans le cadre de sa r\u00e9alisation et de son suivi: Propri\u00e9taire du site :\u00a0L\u2019association Groupe ornithologique des Deux-S\u00e8vres, enregistr\u00e9e aupr\u00e8s de la pr\u00e9fecture\/sous-pr\u00e9fecture de 79 \u2013 Pr\u00e9fecture Niort sous le num\u00e9ro W792000251, ayant son si\u00e8ge situ\u00e9 \u00e0 Espace associatif \u2013 Langevin Wallon \u2013 48 rue Rouget de l\u2019Isle 79000 Niort, repr\u00e9sent\u00e9e par Jean Worms d\u00fbment habilit\u00e9(e). \u2013 Contact : contact@ornitho79.org 05 49 09 24 49 \u2013 Adresse : Espace associatif \u2013 Langevin Wallon \u2013 48 rue Rouget de l\u2019Isle 79000 Niort. Identification de l\u2019entreprise :\u00a0L\u2019association Groupe ornithologique des Deux-S\u00e8vres, enregistr\u00e9e aupr\u00e8s de la pr\u00e9fecture\/sous-pr\u00e9fecture de 79 \u2013 Pr\u00e9fecture Niort sous le num\u00e9ro W792000251, ayant son si\u00e8ge situ\u00e9 \u00e0 Espace associatif \u2013 Langevin Wallon \u2013 48 rue Rouget de l\u2019Isle 79000 Niort, repr\u00e9sent\u00e9e par Jean Worms d\u00fbment habilit\u00e9(e). au capital social de \u20ac \u2013 SIREN : 401891171 \u2013 RCS ou RM : \u2013 Adresse postale : Espace associatif \u2013 Langevin Wallon \u2013 48 rue Rouget de l\u2019Isle 79000 Niort. Directeur de la publication :\u00a0Jean Worms \u2013 Contact : contact@ornitho79.org. H\u00e9bergeur :\u00a0Infomaniak \u2013 Rue Eug\u00e8ne-Marziano 25, 1227 Gen\u00e8ve, Suisse \u2013 T\u00e9l\u00e9phone : +41.22.820.35.44 D\u00e9l\u00e9gu\u00e9 \u00e0 la protection des donn\u00e9es :\u00a0\u2013 Autres contributeurs :\u00a0Cr\u00e9ation du site internet par Alice Belain Communication \u2013 Site internet :\u00a0www.alice-belain.com Propri\u00e9t\u00e9 intellectuelle et contrefa\u00e7ons L\u2019association Groupe ornithologique des Deux-S\u00e8vres\u00a0est propri\u00e9taire des droits de propri\u00e9t\u00e9 intellectuelle et d\u00e9tient les droits d\u2019usage sur tous les \u00e9l\u00e9ments accessibles sur le site internet, notamment les textes, images, graphismes, logos, vid\u00e9os, architecture, ic\u00f4nes et sons. Toute reproduction, repr\u00e9sentation, modification, publication, adaptation de tout ou partie des \u00e9l\u00e9ments du site, quel que soit le moyen ou le proc\u00e9d\u00e9 utilis\u00e9, est interdite, sauf autorisation \u00e9crite pr\u00e9alable de\u00a0L\u2019association Groupe ornithologique des Deux-S\u00e8vres. Toute exploitation non autoris\u00e9e du site ou de l\u2019un quelconque des \u00e9l\u00e9ments qu\u2019il contient sera consid\u00e9r\u00e9e comme constitutive d\u2019une contrefa\u00e7on et poursuivie conform\u00e9ment aux dispositions des articles\u00a0L.335-2 et suivants du Code de Propri\u00e9t\u00e9 Intellectuelle. Limitations de responsabilit\u00e9 L\u2019association Groupe ornithologique des Deux-S\u00e8vres ne pourra \u00eatre tenu pour responsable des dommages directs et indirects caus\u00e9s au mat\u00e9riel de l\u2019utilisateur, lors de l\u2019acc\u00e8s au site du GODS. L\u2019association Groupe ornithologique des Deux-S\u00e8vres, d\u00e9cline toute responsabilit\u00e9 quant \u00e0 l\u2019utilisation qui pourrait \u00eatre faite des informations et contenus pr\u00e9sents sur le site du GODS. L\u2019association Groupe ornithologique des Deux-S\u00e8vres,\u00a0s\u2019engage \u00e0 s\u00e9curiser au mieux le site site du GODS, cependant sa responsabilit\u00e9 ne pourra \u00eatre mise en cause si des donn\u00e9es ind\u00e9sirables sont import\u00e9es et install\u00e9es sur son site \u00e0 son insu. Des espaces interactifs (espace contact ou commentaires) sont \u00e0 la disposition des utilisateurs.\u00a0L\u2019association Groupe ornithologique des Deux-S\u00e8vres\u00a0se r\u00e9serve le droit de supprimer, sans mise en demeure pr\u00e9alable, tout contenu d\u00e9pos\u00e9 dans cet espace qui contreviendrait \u00e0 la l\u00e9gislation applicable en France, en particulier aux dispositions relatives \u00e0 la protection des donn\u00e9es. Le cas \u00e9ch\u00e9ant,\u00a0L\u2019association Groupe ornithologique des Deux-S\u00e8vres\u00a0se r\u00e9serve \u00e9galement la possibilit\u00e9 de mettre en cause la responsabilit\u00e9 civile et\/ou p\u00e9nale de l\u2019utilisateur, notamment en cas de message \u00e0 caract\u00e8re raciste, injurieux, diffamant, ou pornographique, quel que soit le support utilis\u00e9 (texte, photographie \u2026). CNIL et gestion des donn\u00e9es personnelles Conform\u00e9ment aux dispositions de la loi 78-17 du 6 janvier 1978 modifi\u00e9e, l\u2019utilisateur du site GODS dispose d\u2019un droit d\u2019acc\u00e8s, de modification et de suppression des informations collect\u00e9es. Pour exercer ce droit, envoyez un message \u00e0 contact@ornitho79.org. Pour plus d\u2019informations sur la fa\u00e7on dont nous traitons vos donn\u00e9es (type de donn\u00e9es, finalit\u00e9, destinataire\u2026), lisez notre Politique de confidentialit\u00e9 Liens hypertextes et cookies Le site du GODS\u00a0contient des liens hypertextes vers d\u2019autres sites et d\u00e9gage toute responsabilit\u00e9 \u00e0 propos de ces liens externes ou des liens cr\u00e9\u00e9s par d\u2019autres sites vers GODS. La navigation sur le site du GODS\u00a0est susceptible de provoquer l\u2019installation de cookie(s) sur l\u2019ordinateur de l\u2019utilisateur. Un \u00ab\u00a0cookie\u00a0\u00bb est un fichier de petite taille qui enregistre des informations relatives \u00e0 la navigation d\u2019un utilisateur sur un site. Les donn\u00e9es ainsi obtenues permettent d\u2019obtenir des mesures de fr\u00e9quentation, par exemple. Vous avez la possibilit\u00e9\u00a0d\u2019accepter ou de refuser les cookies\u00a0en modifiant les param\u00e8tres de votre navigateur. Aucun cookie ne sera d\u00e9pos\u00e9 sans votre consentement. Les cookies sont enregistr\u00e9s pour une dur\u00e9e maximale de 12 mois. Pour plus d\u2019informations sur la fa\u00e7on dont nous traitons vos donn\u00e9es (type de donn\u00e9es, finalit\u00e9, destinataire\u2026), lisez notre Politique de confidentialit\u00e9 Droit applicable et attribution de juridiction. Tout litige en relation avec l\u2019utilisation du site\u00a0GODS\u00a0est soumis au droit fran\u00e7ais. En dehors des cas o\u00f9 la loi ne le permet pas, il est fait attribution exclusive de juridiction aux tribunaux comp\u00e9tents de\u00a0Niort.<\/p>\n","protected":false},"author":1,"featured_media":0,"parent":0,"menu_order":0,"comment_status":"closed","ping_status":"closed","template":"elementor_header_footer","meta":{"footnotes":""},"class_list":["post-641","page","type-page","status-publish","hentry"],"blocksy_meta":[],"_links":{"self":[{"href":"https:\/\/www.najarian.projetsmmichamps.fr\/gods\/wp-json\/wp\/v2\/pages\/641","targetHints":{"allow":["GET"]}}],"collection":[{"href":"https:\/\/www.najarian.projetsmmichamps.fr\/gods\/wp-json\/wp\/v2\/pages"}],"about":[{"href":"https:\/\/www.najarian.projetsmmichamps.fr\/gods\/wp-json\/wp\/v2\/types\/page"}],"author":[{"embeddable":true,"href":"https:\/\/www.najarian.projetsmmichamps.fr\/gods\/wp-json\/wp\/v2\/users\/1"}],"replies":[{"embeddable":true,"href":"https:\/\/www.najarian.projetsmmichamps.fr\/gods\/wp-json\/wp\/v2\/comments?post=641"}],"version-history":[{"count":40,"href":"https:\/\/www.najarian.projetsmmichamps.fr\/gods\/wp-json\/wp\/v2\/pages\/641\/revisions"}],"predecessor-version":[{"id":1915,"href":"https:\/\/www.najarian.projetsmmichamps.fr\/gods\/wp-json\/wp\/v2\/pages\/641\/revisions\/1915"}],"wp:attachment":[{"href":"https:\/\/www.najarian.projetsmmichamps.fr\/gods\/wp-json\/wp\/v2\/media?parent=641"}],"curies":[{"name":"wp","href":"https:\/\/api.w.org\/{rel}","templated":true}]}}