{"id":26,"date":"2025-06-09T17:24:22","date_gmt":"2025-06-09T15:24:22","guid":{"rendered":"https:\/\/www.najarian.projetsmmichamps.fr\/gods\/?page_id=26"},"modified":"2025-06-12T04:01:30","modified_gmt":"2025-06-12T02:01:30","slug":"le-coin-ornitho","status":"publish","type":"page","link":"https:\/\/www.najarian.projetsmmichamps.fr\/gods\/le-coin-ornitho\/","title":{"rendered":"Cohabiter"},"content":{"rendered":"\t\t<div data-elementor-type=\"wp-page\" data-elementor-id=\"26\" class=\"elementor elementor-26\">\n\t\t\t\t<div class=\"elementor-element elementor-element-550a5ad e-flex e-con-boxed wpr-particle-no wpr-jarallax-no wpr-parallax-no wpr-sticky-section-no wpr-column-slider-no wpr-equal-height-no e-con e-parent\" data-id=\"550a5ad\" data-element_type=\"container\" data-e-type=\"container\">\n\t\t\t\t\t<div class=\"e-con-inner\">\n\t\t\t\t<div class=\"elementor-element elementor-element-b96d903 elementor-widget elementor-widget-spacer\" data-id=\"b96d903\" data-element_type=\"widget\" data-e-type=\"widget\" data-widget_type=\"spacer.default\">\n\t\t\t\t<div class=\"elementor-widget-container\">\n\t\t\t\t\t\t\t<div class=\"elementor-spacer\">\n\t\t\t<div class=\"elementor-spacer-inner\"><\/div>\n\t\t<\/div>\n\t\t\t\t\t\t<\/div>\n\t\t\t\t<\/div>\n\t\t\t\t\t<\/div>\n\t\t\t\t<\/div>\n\t\t<div class=\"elementor-element elementor-element-78161d2 e-con-full e-flex wpr-particle-no wpr-jarallax-no wpr-parallax-no wpr-sticky-section-no wpr-column-slider-no wpr-equal-height-no e-con e-parent\" data-id=\"78161d2\" data-element_type=\"container\" data-e-type=\"container\" data-settings=\"{&quot;background_background&quot;:&quot;classic&quot;}\">\n\t\t\t\t<div class=\"elementor-element elementor-element-a7f6b89 elementor-widget elementor-widget-heading\" data-id=\"a7f6b89\" data-element_type=\"widget\" data-e-type=\"widget\" data-widget_type=\"heading.default\">\n\t\t\t\t<div class=\"elementor-widget-container\">\n\t\t\t\t\t<h1 class=\"elementor-heading-title elementor-size-default\">Secourir un oiseau en d\u00e9tresse : les bons gestes \u00e0 adopter<\/h1>\t\t\t\t<\/div>\n\t\t\t\t<\/div>\n\t\t\t\t<\/div>\n\t\t<div class=\"elementor-element elementor-element-c613169 e-flex e-con-boxed wpr-particle-no wpr-jarallax-no wpr-parallax-no wpr-sticky-section-no wpr-column-slider-no wpr-equal-height-no e-con e-parent\" data-id=\"c613169\" data-element_type=\"container\" data-e-type=\"container\">\n\t\t\t\t\t<div class=\"e-con-inner\">\n\t\t\t\t<div class=\"elementor-element elementor-element-61454c6 elementor-widget elementor-widget-heading\" data-id=\"61454c6\" data-element_type=\"widget\" data-e-type=\"widget\" data-widget_type=\"heading.default\">\n\t\t\t\t<div class=\"elementor-widget-container\">\n\t\t\t\t\t<h2 class=\"elementor-heading-title elementor-size-default\">AM\u00c9NAGER SON JARDIN<\/h2>\t\t\t\t<\/div>\n\t\t\t\t<\/div>\n\t\t\t\t<div class=\"elementor-element elementor-element-0462fc2 elementor-widget elementor-widget-text-editor\" data-id=\"0462fc2\" data-element_type=\"widget\" data-e-type=\"widget\" data-widget_type=\"text-editor.default\">\n\t\t\t\t<div class=\"elementor-widget-container\">\n\t\t\t\t\t\t\t\t\t<p><span style=\"font-weight: 400;\">Prot\u00e9ger les oiseaux passe par la conservation des milieux naturels. Quelques am\u00e9nagements simples peuvent att\u00e9nuer les d\u00e9gradations des \u00e9cosyst\u00e8mes en accueillant les oiseaux et favoriser leur observation.<\/span><\/p>\t\t\t\t\t\t\t\t<\/div>\n\t\t\t\t<\/div>\n\t\t\t\t<div class=\"elementor-element elementor-element-b482ab3 elementor-align-start elementor-widget__width-inherit elementor-icon-list--layout-traditional elementor-list-item-link-full_width elementor-widget elementor-widget-icon-list\" data-id=\"b482ab3\" data-element_type=\"widget\" data-e-type=\"widget\" data-widget_type=\"icon-list.default\">\n\t\t\t\t<div class=\"elementor-widget-container\">\n\t\t\t\t\t\t\t<ul class=\"elementor-icon-list-items\">\n\t\t\t\t\t\t\t<li class=\"elementor-icon-list-item\">\n\t\t\t\t\t\t\t\t\t\t\t<span class=\"elementor-icon-list-icon\">\n\t\t\t\t\t\t\t<svg aria-hidden=\"true\" class=\"e-font-icon-svg e-fas-circle\" viewBox=\"0 0 512 512\" xmlns=\"http:\/\/www.w3.org\/2000\/svg\"><path d=\"M256 8C119 8 8 119 8 256s111 248 248 248 248-111 248-248S393 8 256 8z\"><\/path><\/svg>\t\t\t\t\t\t<\/span>\n\t\t\t\t\t\t\t\t\t\t<span class=\"elementor-icon-list-text\">Au fond du jardin, laissez une bande d\u2019herbes folles. Ainsi se d\u00e9velopperont papillons, sauterelles et autres insectes en tout genre qui animeront le jardin et nourriront les nich\u00e9es.<\/span>\n\t\t\t\t\t\t\t\t\t<\/li>\n\t\t\t\t\t\t\t\t<li class=\"elementor-icon-list-item\">\n\t\t\t\t\t\t\t\t\t\t\t<span class=\"elementor-icon-list-icon\">\n\t\t\t\t\t\t\t<svg aria-hidden=\"true\" class=\"e-font-icon-svg e-fas-circle\" viewBox=\"0 0 512 512\" xmlns=\"http:\/\/www.w3.org\/2000\/svg\"><path d=\"M256 8C119 8 8 119 8 256s111 248 248 248 248-111 248-248S393 8 256 8z\"><\/path><\/svg>\t\t\t\t\t\t<\/span>\n\t\t\t\t\t\t\t\t\t\t<span class=\"elementor-icon-list-text\">Le compost, retourn\u00e9 r\u00e9guli\u00e8rement, permet \u00e0 certains oiseaux de trouver des vers de terre et des larves d\u2019insectes.<\/span>\n\t\t\t\t\t\t\t\t\t<\/li>\n\t\t\t\t\t\t\t\t<li class=\"elementor-icon-list-item\">\n\t\t\t\t\t\t\t\t\t\t\t<span class=\"elementor-icon-list-icon\">\n\t\t\t\t\t\t\t<svg aria-hidden=\"true\" class=\"e-font-icon-svg e-fas-circle\" viewBox=\"0 0 512 512\" xmlns=\"http:\/\/www.w3.org\/2000\/svg\"><path d=\"M256 8C119 8 8 119 8 256s111 248 248 248 248-111 248-248S393 8 256 8z\"><\/path><\/svg>\t\t\t\t\t\t<\/span>\n\t\t\t\t\t\t\t\t\t\t<span class=\"elementor-icon-list-text\">Un tas de bois peut, lui aussi, h\u00e9berger des invert\u00e9br\u00e9s.<\/span>\n\t\t\t\t\t\t\t\t\t<\/li>\n\t\t\t\t\t\t\t\t<li class=\"elementor-icon-list-item\">\n\t\t\t\t\t\t\t\t\t\t\t<span class=\"elementor-icon-list-icon\">\n\t\t\t\t\t\t\t<svg aria-hidden=\"true\" class=\"e-font-icon-svg e-fas-circle\" viewBox=\"0 0 512 512\" xmlns=\"http:\/\/www.w3.org\/2000\/svg\"><path d=\"M256 8C119 8 8 119 8 256s111 248 248 248 248-111 248-248S393 8 256 8z\"><\/path><\/svg>\t\t\t\t\t\t<\/span>\n\t\t\t\t\t\t\t\t\t\t<span class=\"elementor-icon-list-text\">Il est essentiel de bannir l\u2019usage des pesticides chimiques, n\u00e9fastes pour tous les \u00eatres vivants, y compris pour nous !<\/span>\n\t\t\t\t\t\t\t\t\t<\/li>\n\t\t\t\t\t\t\t\t<li class=\"elementor-icon-list-item\">\n\t\t\t\t\t\t\t\t\t\t\t<span class=\"elementor-icon-list-icon\">\n\t\t\t\t\t\t\t<svg aria-hidden=\"true\" class=\"e-font-icon-svg e-fas-circle\" viewBox=\"0 0 512 512\" xmlns=\"http:\/\/www.w3.org\/2000\/svg\"><path d=\"M256 8C119 8 8 119 8 256s111 248 248 248 248-111 248-248S393 8 256 8z\"><\/path><\/svg>\t\t\t\t\t\t<\/span>\n\t\t\t\t\t\t\t\t\t\t<span class=\"elementor-icon-list-text\">Diversifiez les plantations d\u2019arbres, d\u2019arbustes et de grimpants.<\/span>\n\t\t\t\t\t\t\t\t\t<\/li>\n\t\t\t\t\t\t<\/ul>\n\t\t\t\t\t\t<\/div>\n\t\t\t\t<\/div>\n\t\t\t\t<div class=\"elementor-element elementor-element-522df8e elementor-widget elementor-widget-heading\" data-id=\"522df8e\" data-element_type=\"widget\" data-e-type=\"widget\" data-widget_type=\"heading.default\">\n\t\t\t\t<div class=\"elementor-widget-container\">\n\t\t\t\t\t<h2 class=\"elementor-heading-title elementor-size-default\">LES NICHOIRS<\/h2>\t\t\t\t<\/div>\n\t\t\t\t<\/div>\n\t\t\t\t<div class=\"elementor-element elementor-element-80d27e7 elementor-widget elementor-widget-heading\" data-id=\"80d27e7\" data-element_type=\"widget\" data-e-type=\"widget\" data-widget_type=\"heading.default\">\n\t\t\t\t<div class=\"elementor-widget-container\">\n\t\t\t\t\t<h2 class=\"elementor-heading-title elementor-size-default\">A quoi servent les nichoirs ?<\/h2>\t\t\t\t<\/div>\n\t\t\t\t<\/div>\n\t\t\t\t<div class=\"elementor-element elementor-element-1372e9c elementor-widget elementor-widget-text-editor\" data-id=\"1372e9c\" data-element_type=\"widget\" data-e-type=\"widget\" data-widget_type=\"text-editor.default\">\n\t\t\t\t<div class=\"elementor-widget-container\">\n\t\t\t\t\t\t\t\t\t<p><span style=\"font-weight: 400;\">Les nichoirs sont des constructions plus ou moins ferm\u00e9es qui servent d\u2019habitat artificiel de repos ou de nidification.<\/span><\/p><p><span style=\"font-weight: 400;\">Les oiseaux ont plusieurs strat\u00e9gies pour nicher. Certaines esp\u00e8ces nichent par exemple directement sur le sol, d\u2019autres sur les bosquets ou les branches d\u2019arbres, d\u2019autres, appel\u00e9s cavernicoles, nichent \u00e0 l\u2019int\u00e9rieur de cavit\u00e9s naturelles. Ces cavit\u00e9s, plus ou moins ouvertes, peuvent \u00eatre par exemple des trous dans les arbres, dans les falaises ou le long des berges. Dans les villes et villages, les oiseaux utilisent aussi les cavit\u00e9s dans les murs.<\/span><\/p><p><span style=\"font-weight: 400;\">N\u00e9anmoins, ces cavit\u00e9s sont de moins en moins accessibles dans les milieux avec des habitations humaines \u00e0 cause de la modernisation du b\u00e2ti. De plus, on observe aussi une diminution des habitats naturels. Les nichoirs permettent donc de compenser artificiellement ce manque d\u2019habitats.<\/span><\/p>\t\t\t\t\t\t\t\t<\/div>\n\t\t\t\t<\/div>\n\t\t\t\t<div class=\"elementor-element elementor-element-7c24ddf elementor-widget elementor-widget-heading\" data-id=\"7c24ddf\" data-element_type=\"widget\" data-e-type=\"widget\" data-widget_type=\"heading.default\">\n\t\t\t\t<div class=\"elementor-widget-container\">\n\t\t\t\t\t<h2 class=\"elementor-heading-title elementor-size-default\">Quels nichoirs poser ?<\/h2>\t\t\t\t<\/div>\n\t\t\t\t<\/div>\n\t\t\t\t<div class=\"elementor-element elementor-element-2205b40 elementor-widget elementor-widget-text-editor\" data-id=\"2205b40\" data-element_type=\"widget\" data-e-type=\"widget\" data-widget_type=\"text-editor.default\">\n\t\t\t\t<div class=\"elementor-widget-container\">\n\t\t\t\t\t\t\t\t\t<p><span style=\"font-weight: 400;\">Plusieurs types de nichoirs existent et correspondent \u00e0 des cort\u00e8ges diff\u00e9rents d\u2019esp\u00e8ces. La pr\u00e9sence de telle ou telle esp\u00e8ce d\u00e9pendra en partie de la conception du nichoir et de l\u2019emplacement choisi. Il faudra donc veiller \u00e0 diversifier les types de nichoirs pour accueillir une plus grande diversit\u00e9 d\u2019esp\u00e8ces.<br \/><br \/>Les nichoirs les plus utilis\u00e9s sont les nichoirs dits \u00ab multi-sp\u00e9cifiques \u00bb. Ces nichoirs correspondent \u00e0 un grand nombre d\u2019esp\u00e8ces, selon leur taille et le diam\u00e8tre du trou d\u2019entr\u00e9e. Le plus commun est le nichoir \u00ab bo\u00eete aux lettres \u00bb. Il est ferm\u00e9, avec un trou d\u2019entr\u00e9e et un toit \u00e0 un ou deux pans. C\u2019est l\u2019un des nichoirs les plus faciles \u00e0 construire. Ce type de nichoir permet d\u2019accueillir par exemple les m\u00e9sanges, les moineaux ou les sittelles<br \/><\/span><\/p><p><span style=\"font-weight: 400;\">Une variante de ce type de nichoirs est les nichoirs \u00ab semi-ouverts \u00bb, avec une plus grande ouverture. Ces nichoirs accueillent par exemple les rouges-queues, les rouges-gorges, les bergeronnettes.<\/span><\/p><p><span style=\"font-weight: 400;\">Les nichoirs sp\u00e9cifiques ont une conception telle qu\u2019ils favorisent la venue d\u2019une seule esp\u00e8ce ou famille d\u2019esp\u00e8ces. C\u2019est typiquement le cas pour les nichoirs \u00e0\u00a0 rapaces nocturnes qui accueillent par exemple les chouettes effraies. Selon les caract\u00e9ristiques du nichoir, vous pourrez alors favoriser plus sp\u00e9cifiquement la venue des hirondelles, des martinets, des grimpereaux, des troglodytes, des moineaux, des merles, etc\u2026 N\u00e9anmoins, ces nichoirs peuvent parfois \u00eatre visit\u00e9s par d\u2019autres esp\u00e8ces ayant des caract\u00e9ristiques similaires. C\u2019est le cas par exemple des\u00a0 \u00e9tourneaux qui peuvent aller dans les nichoirs \u00e0 moineaux.<\/span><\/p>\t\t\t\t\t\t\t\t<\/div>\n\t\t\t\t<\/div>\n\t\t\t\t<div class=\"elementor-element elementor-element-a41c378 elementor-widget elementor-widget-heading\" data-id=\"a41c378\" data-element_type=\"widget\" data-e-type=\"widget\" data-widget_type=\"heading.default\">\n\t\t\t\t<div class=\"elementor-widget-container\">\n\t\t\t\t\t<h2 class=\"elementor-heading-title elementor-size-default\">O\u00f9 et comment poser les nichoirs ?<\/h2>\t\t\t\t<\/div>\n\t\t\t\t<\/div>\n\t\t\t\t<div class=\"elementor-element elementor-element-6e0c1fa elementor-widget elementor-widget-text-editor\" data-id=\"6e0c1fa\" data-element_type=\"widget\" data-e-type=\"widget\" data-widget_type=\"text-editor.default\">\n\t\t\t\t<div class=\"elementor-widget-container\">\n\t\t\t\t\t\t\t\t\t<p><span style=\"font-weight: 400;\">Le lieu et la fa\u00e7on dont sont pos\u00e9s les nichoirs sont des \u00e9l\u00e9ments importants \u00e0 prendre en compte pour augmenter les chances d\u2019avoir des visiteurs.<\/span><\/p><p><span style=\"font-weight: 400;\">Sauf cas sp\u00e9cifiques, g\u00e9n\u00e9ralement les nichoirs se posent entre 1,5 et 6 m\u00e8tres de hauteur, notamment pour limiter la pr\u00e9dation. Si possible, il est pr\u00e9f\u00e9rable d\u2019orienter l\u2019ouverture du nichoir vers le sud ou le sud-est.<\/span><\/p><p><span style=\"font-weight: 400;\">Cela permet d\u2019exposer l\u2019ouverture au soleil tout en \u00e9vitant les vents dominants. Le mieux est de placer le nichoir \u00e0 un endroit expos\u00e9 une partie de la journ\u00e9e \u00e0 la lumi\u00e8re et l\u2019autre partie \u00e0 l\u2019ombre. Pour \u00e9viter que la pluie n\u2019entre dans l\u2019ouverture, il faudra incliner l\u00e9g\u00e8rement le nichoir vers le bas. Le nichoir peut \u00eatre fix\u00e9 sur un tronc, un poteau, ou suspendu \u00e0 une branche (si c\u2019est le cas, il faut veiller \u00e0 la solidit\u00e9 de la fixation).<\/span><\/p><p><span style=\"font-weight: 400;\">L\u2019endroit de pose doit \u00eatre tranquille durant la p\u00e9riode de reproduction et offrir aux oiseaux une source suffisante de nourriture. Pour les nichoirs sp\u00e9cifiques, ils doivent \u00eatre pos\u00e9s dans le milieu adapt\u00e9 \u00e0 l\u2019esp\u00e8ce cibl\u00e9e (par exemple une grange pour les hirondelles rustiques).<\/span><\/p>\t\t\t\t\t\t\t\t<\/div>\n\t\t\t\t<\/div>\n\t\t\t\t<div class=\"elementor-element elementor-element-3a16020 elementor-align-start elementor-widget__width-inherit elementor-icon-list--layout-traditional elementor-list-item-link-full_width elementor-widget elementor-widget-icon-list\" data-id=\"3a16020\" data-element_type=\"widget\" data-e-type=\"widget\" data-widget_type=\"icon-list.default\">\n\t\t\t\t<div class=\"elementor-widget-container\">\n\t\t\t\t\t\t\t<ul class=\"elementor-icon-list-items\">\n\t\t\t\t\t\t\t<li class=\"elementor-icon-list-item\">\n\t\t\t\t\t\t\t\t\t\t\t<span class=\"elementor-icon-list-icon\">\n\t\t\t\t\t\t\t<svg aria-hidden=\"true\" class=\"e-font-icon-svg e-fas-circle\" viewBox=\"0 0 512 512\" xmlns=\"http:\/\/www.w3.org\/2000\/svg\"><path d=\"M256 8C119 8 8 119 8 256s111 248 248 248 248-111 248-248S393 8 256 8z\"><\/path><\/svg>\t\t\t\t\t\t<\/span>\n\t\t\t\t\t\t\t\t\t\t<span class=\"elementor-icon-list-text\">\u00c9viter l\u2019agglom\u00e9r\u00e9 et le contreplaqu\u00e9 pour construire les nichoirs. Ces mat\u00e9riaux ont peu de long\u00e9vit\u00e9 et contiennent des colles chimiques. Pr\u00e9f\u00e9rer le bois de sapin ou de peuplier. L\u2019huile de lin, produit naturel, permet d\u2019allonger la durabilit\u00e9 des nichoirs en imperm\u00e9abilisant le bois.<\/span>\n\t\t\t\t\t\t\t\t\t<\/li>\n\t\t\t\t\t\t\t\t<li class=\"elementor-icon-list-item\">\n\t\t\t\t\t\t\t\t\t\t\t<span class=\"elementor-icon-list-icon\">\n\t\t\t\t\t\t\t<svg aria-hidden=\"true\" class=\"e-font-icon-svg e-fas-circle\" viewBox=\"0 0 512 512\" xmlns=\"http:\/\/www.w3.org\/2000\/svg\"><path d=\"M256 8C119 8 8 119 8 256s111 248 248 248 248-111 248-248S393 8 256 8z\"><\/path><\/svg>\t\t\t\t\t\t<\/span>\n\t\t\t\t\t\t\t\t\t\t<span class=\"elementor-icon-list-text\">Utiliser un fil de fer plut\u00f4t qu\u2019un clou pour fixer le nichoir contre un tronc d\u2019arbre. Il faut veiller \u00e0 placer une planche en bois entre le tronc et le fil de fer pour ne pas blesser l\u2019arbre.<\/span>\n\t\t\t\t\t\t\t\t\t<\/li>\n\t\t\t\t\t\t\t\t<li class=\"elementor-icon-list-item\">\n\t\t\t\t\t\t\t\t\t\t\t<span class=\"elementor-icon-list-icon\">\n\t\t\t\t\t\t\t<svg aria-hidden=\"true\" class=\"e-font-icon-svg e-fas-circle\" viewBox=\"0 0 512 512\" xmlns=\"http:\/\/www.w3.org\/2000\/svg\"><path d=\"M256 8C119 8 8 119 8 256s111 248 248 248 248-111 248-248S393 8 256 8z\"><\/path><\/svg>\t\t\t\t\t\t<\/span>\n\t\t\t\t\t\t\t\t\t\t<span class=\"elementor-icon-list-text\">\u00c9loigner le nichoir des pr\u00e9dateurs en \u00e9vitant de le poser \u00e0 proximit\u00e9 d\u2019un quelconque rebord pouvant servir de point d\u2019appui. Des dispositifs anti pr\u00e9dateurs peuvent \u00eatre ajout\u00e9s pour limiter au maximum la pr\u00e9dation.<\/span>\n\t\t\t\t\t\t\t\t\t<\/li>\n\t\t\t\t\t\t\t\t<li class=\"elementor-icon-list-item\">\n\t\t\t\t\t\t\t\t\t\t\t<span class=\"elementor-icon-list-icon\">\n\t\t\t\t\t\t\t<svg aria-hidden=\"true\" class=\"e-font-icon-svg e-fas-circle\" viewBox=\"0 0 512 512\" xmlns=\"http:\/\/www.w3.org\/2000\/svg\"><path d=\"M256 8C119 8 8 119 8 256s111 248 248 248 248-111 248-248S393 8 256 8z\"><\/path><\/svg>\t\t\t\t\t\t<\/span>\n\t\t\t\t\t\t\t\t\t\t<span class=\"elementor-icon-list-text\">Nettoyer le nichoir avant le d\u00e9but du printemps (id\u00e9alement f\u00e9vrier) en enlevant simplement les mat\u00e9riaux du nid. Profitez-en pour v\u00e9rifier le bon \u00e9tat du nichoir.<\/span>\n\t\t\t\t\t\t\t\t\t<\/li>\n\t\t\t\t\t\t\t\t<li class=\"elementor-icon-list-item\">\n\t\t\t\t\t\t\t\t\t\t\t<span class=\"elementor-icon-list-icon\">\n\t\t\t\t\t\t\t<svg aria-hidden=\"true\" class=\"e-font-icon-svg e-fas-circle\" viewBox=\"0 0 512 512\" xmlns=\"http:\/\/www.w3.org\/2000\/svg\"><path d=\"M256 8C119 8 8 119 8 256s111 248 248 248 248-111 248-248S393 8 256 8z\"><\/path><\/svg>\t\t\t\t\t\t<\/span>\n\t\t\t\t\t\t\t\t\t\t<span class=\"elementor-icon-list-text\">Ne pas poser le nichoir contre un h\u00eatre car c\u2019est un arbre trop humide.<\/span>\n\t\t\t\t\t\t\t\t\t<\/li>\n\t\t\t\t\t\t\t\t<li class=\"elementor-icon-list-item\">\n\t\t\t\t\t\t\t\t\t\t\t<span class=\"elementor-icon-list-icon\">\n\t\t\t\t\t\t\t<svg aria-hidden=\"true\" class=\"e-font-icon-svg e-fas-circle\" viewBox=\"0 0 512 512\" xmlns=\"http:\/\/www.w3.org\/2000\/svg\"><path d=\"M256 8C119 8 8 119 8 256s111 248 248 248 248-111 248-248S393 8 256 8z\"><\/path><\/svg>\t\t\t\t\t\t<\/span>\n\t\t\t\t\t\t\t\t\t\t<span class=\"elementor-icon-list-text\">Ne jamais ouvrir le nichoir durant la p\u00e9riode de nidification afin de ne pas faire \u00e9chouer la nich\u00e9e \u00e0 cause du d\u00e9rangement.<\/span>\n\t\t\t\t\t\t\t\t\t<\/li>\n\t\t\t\t\t\t<\/ul>\n\t\t\t\t\t\t<\/div>\n\t\t\t\t<\/div>\n\t\t\t\t<div class=\"elementor-element elementor-element-e386788 elementor-align-center elementor-widget__width-inherit elementor-widget elementor-widget-button\" data-id=\"e386788\" data-element_type=\"widget\" data-e-type=\"widget\" data-widget_type=\"button.default\">\n\t\t\t\t<div class=\"elementor-widget-container\">\n\t\t\t\t\t\t\t\t\t<div class=\"elementor-button-wrapper\">\n\t\t\t\t\t<a class=\"elementor-button elementor-button-link elementor-size-sm elementor-animation-bob\" href=\"https:\/\/www.dropbox.com\/scl\/fi\/t36ludm4pv16r4ldpkbt7\/GODS-Accueillir-les-oiseaux.pdf?rlkey=mzczndcyxo0jc0iff7qzfvfda&#038;e=1&#038;dl=0\" target=\"_blank\">\n\t\t\t\t\t\t<span class=\"elementor-button-content-wrapper\">\n\t\t\t\t\t\t\t\t\t<span class=\"elementor-button-text\">Plaquette Accueillir les Oiseaux<\/span>\n\t\t\t\t\t<\/span>\n\t\t\t\t\t<\/a>\n\t\t\t\t<\/div>\n\t\t\t\t\t\t\t\t<\/div>\n\t\t\t\t<\/div>\n\t\t\t\t\t<\/div>\n\t\t\t\t<\/div>\n\t\t\t\t<\/div>\n\t\t","protected":false},"excerpt":{"rendered":"<p>Secourir un oiseau en d\u00e9tresse : les bons gestes \u00e0 adopter AM\u00c9NAGER SON JARDIN Prot\u00e9ger les oiseaux passe par la conservation des milieux naturels. Quelques am\u00e9nagements simples peuvent att\u00e9nuer les d\u00e9gradations des \u00e9cosyst\u00e8mes en accueillant les oiseaux et favoriser leur observation. Au fond du jardin, laissez une bande d\u2019herbes folles. Ainsi se d\u00e9velopperont papillons, sauterelles et autres insectes en tout genre qui animeront le jardin et nourriront les nich\u00e9es. Le compost, retourn\u00e9 r\u00e9guli\u00e8rement, permet \u00e0 certains oiseaux de trouver des vers de terre et des larves d\u2019insectes. Un tas de bois peut, lui aussi, h\u00e9berger des invert\u00e9br\u00e9s. Il est essentiel de bannir l\u2019usage des pesticides chimiques, n\u00e9fastes pour tous les \u00eatres vivants, y compris pour nous ! Diversifiez les plantations d\u2019arbres, d\u2019arbustes et de grimpants. LES NICHOIRS A quoi servent les nichoirs ? Les nichoirs sont des constructions plus ou moins ferm\u00e9es qui servent d\u2019habitat artificiel de repos ou de nidification. Les oiseaux ont plusieurs strat\u00e9gies pour nicher. Certaines esp\u00e8ces nichent par exemple directement sur le sol, d\u2019autres sur les bosquets ou les branches d\u2019arbres, d\u2019autres, appel\u00e9s cavernicoles, nichent \u00e0 l\u2019int\u00e9rieur de cavit\u00e9s naturelles. Ces cavit\u00e9s, plus ou moins ouvertes, peuvent \u00eatre par exemple des trous dans les arbres, dans les falaises ou le long des berges. Dans les villes et villages, les oiseaux utilisent aussi les cavit\u00e9s dans les murs. N\u00e9anmoins, ces cavit\u00e9s sont de moins en moins accessibles dans les milieux avec des habitations humaines \u00e0 cause de la modernisation du b\u00e2ti. De plus, on observe aussi une diminution des habitats naturels. Les nichoirs permettent donc de compenser artificiellement ce manque d\u2019habitats. Quels nichoirs poser ? Plusieurs types de nichoirs existent et correspondent \u00e0 des cort\u00e8ges diff\u00e9rents d\u2019esp\u00e8ces. La pr\u00e9sence de telle ou telle esp\u00e8ce d\u00e9pendra en partie de la conception du nichoir et de l\u2019emplacement choisi. Il faudra donc veiller \u00e0 diversifier les types de nichoirs pour accueillir une plus grande diversit\u00e9 d\u2019esp\u00e8ces. Les nichoirs les plus utilis\u00e9s sont les nichoirs dits \u00ab multi-sp\u00e9cifiques \u00bb. Ces nichoirs correspondent \u00e0 un grand nombre d\u2019esp\u00e8ces, selon leur taille et le diam\u00e8tre du trou d\u2019entr\u00e9e. Le plus commun est le nichoir \u00ab bo\u00eete aux lettres \u00bb. Il est ferm\u00e9, avec un trou d\u2019entr\u00e9e et un toit \u00e0 un ou deux pans. C\u2019est l\u2019un des nichoirs les plus faciles \u00e0 construire. Ce type de nichoir permet d\u2019accueillir par exemple les m\u00e9sanges, les moineaux ou les sittelles Une variante de ce type de nichoirs est les nichoirs \u00ab semi-ouverts \u00bb, avec une plus grande ouverture. Ces nichoirs accueillent par exemple les rouges-queues, les rouges-gorges, les bergeronnettes. Les nichoirs sp\u00e9cifiques ont une conception telle qu\u2019ils favorisent la venue d\u2019une seule esp\u00e8ce ou famille d\u2019esp\u00e8ces. C\u2019est typiquement le cas pour les nichoirs \u00e0\u00a0 rapaces nocturnes qui accueillent par exemple les chouettes effraies. Selon les caract\u00e9ristiques du nichoir, vous pourrez alors favoriser plus sp\u00e9cifiquement la venue des hirondelles, des martinets, des grimpereaux, des troglodytes, des moineaux, des merles, etc\u2026 N\u00e9anmoins, ces nichoirs peuvent parfois \u00eatre visit\u00e9s par d\u2019autres esp\u00e8ces ayant des caract\u00e9ristiques similaires. C\u2019est le cas par exemple des\u00a0 \u00e9tourneaux qui peuvent aller dans les nichoirs \u00e0 moineaux. O\u00f9 et comment poser les nichoirs ? Le lieu et la fa\u00e7on dont sont pos\u00e9s les nichoirs sont des \u00e9l\u00e9ments importants \u00e0 prendre en compte pour augmenter les chances d\u2019avoir des visiteurs. Sauf cas sp\u00e9cifiques, g\u00e9n\u00e9ralement les nichoirs se posent entre 1,5 et 6 m\u00e8tres de hauteur, notamment pour limiter la pr\u00e9dation. Si possible, il est pr\u00e9f\u00e9rable d\u2019orienter l\u2019ouverture du nichoir vers le sud ou le sud-est. Cela permet d\u2019exposer l\u2019ouverture au soleil tout en \u00e9vitant les vents dominants. Le mieux est de placer le nichoir \u00e0 un endroit expos\u00e9 une partie de la journ\u00e9e \u00e0 la lumi\u00e8re et l\u2019autre partie \u00e0 l\u2019ombre. Pour \u00e9viter que la pluie n\u2019entre dans l\u2019ouverture, il faudra incliner l\u00e9g\u00e8rement le nichoir vers le bas. Le nichoir peut \u00eatre fix\u00e9 sur un tronc, un poteau, ou suspendu \u00e0 une branche (si c\u2019est le cas, il faut veiller \u00e0 la solidit\u00e9 de la fixation). L\u2019endroit de pose doit \u00eatre tranquille durant la p\u00e9riode de reproduction et offrir aux oiseaux une source suffisante de nourriture. Pour les nichoirs sp\u00e9cifiques, ils doivent \u00eatre pos\u00e9s dans le milieu adapt\u00e9 \u00e0 l\u2019esp\u00e8ce cibl\u00e9e (par exemple une grange pour les hirondelles rustiques). \u00c9viter l\u2019agglom\u00e9r\u00e9 et le contreplaqu\u00e9 pour construire les nichoirs. Ces mat\u00e9riaux ont peu de long\u00e9vit\u00e9 et contiennent des colles chimiques. Pr\u00e9f\u00e9rer le bois de sapin ou de peuplier. L\u2019huile de lin, produit naturel, permet d\u2019allonger la durabilit\u00e9 des nichoirs en imperm\u00e9abilisant le bois. Utiliser un fil de fer plut\u00f4t qu\u2019un clou pour fixer le nichoir contre un tronc d\u2019arbre. Il faut veiller \u00e0 placer une planche en bois entre le tronc et le fil de fer pour ne pas blesser l\u2019arbre. \u00c9loigner le nichoir des pr\u00e9dateurs en \u00e9vitant de le poser \u00e0 proximit\u00e9 d\u2019un quelconque rebord pouvant servir de point d\u2019appui. Des dispositifs anti pr\u00e9dateurs peuvent \u00eatre ajout\u00e9s pour limiter au maximum la pr\u00e9dation. Nettoyer le nichoir avant le d\u00e9but du printemps (id\u00e9alement f\u00e9vrier) en enlevant simplement les mat\u00e9riaux du nid. Profitez-en pour v\u00e9rifier le bon \u00e9tat du nichoir. Ne pas poser le nichoir contre un h\u00eatre car c\u2019est un arbre trop humide. Ne jamais ouvrir le nichoir durant la p\u00e9riode de nidification afin de ne pas faire \u00e9chouer la nich\u00e9e \u00e0 cause du d\u00e9rangement. Plaquette Accueillir les Oiseaux<\/p>\n","protected":false},"author":1,"featured_media":0,"parent":0,"menu_order":0,"comment_status":"closed","ping_status":"closed","template":"elementor_header_footer","meta":{"footnotes":""},"class_list":["post-26","page","type-page","status-publish","hentry"],"blocksy_meta":[],"_links":{"self":[{"href":"https:\/\/www.najarian.projetsmmichamps.fr\/gods\/wp-json\/wp\/v2\/pages\/26","targetHints":{"allow":["GET"]}}],"collection":[{"href":"https:\/\/www.najarian.projetsmmichamps.fr\/gods\/wp-json\/wp\/v2\/pages"}],"about":[{"href":"https:\/\/www.najarian.projetsmmichamps.fr\/gods\/wp-json\/wp\/v2\/types\/page"}],"author":[{"embeddable":true,"href":"https:\/\/www.najarian.projetsmmichamps.fr\/gods\/wp-json\/wp\/v2\/users\/1"}],"replies":[{"embeddable":true,"href":"https:\/\/www.najarian.projetsmmichamps.fr\/gods\/wp-json\/wp\/v2\/comments?post=26"}],"version-history":[{"count":59,"href":"https:\/\/www.najarian.projetsmmichamps.fr\/gods\/wp-json\/wp\/v2\/pages\/26\/revisions"}],"predecessor-version":[{"id":3035,"href":"https:\/\/www.najarian.projetsmmichamps.fr\/gods\/wp-json\/wp\/v2\/pages\/26\/revisions\/3035"}],"wp:attachment":[{"href":"https:\/\/www.najarian.projetsmmichamps.fr\/gods\/wp-json\/wp\/v2\/media?parent=26"}],"curies":[{"name":"wp","href":"https:\/\/api.w.org\/{rel}","templated":true}]}}