{"id":22,"date":"2025-06-09T17:23:42","date_gmt":"2025-06-09T15:23:42","guid":{"rendered":"https:\/\/www.najarian.projetsmmichamps.fr\/gods\/?page_id=22"},"modified":"2025-06-12T03:59:30","modified_gmt":"2025-06-12T01:59:30","slug":"nos-actions","status":"publish","type":"page","link":"https:\/\/www.najarian.projetsmmichamps.fr\/gods\/nos-actions\/","title":{"rendered":"Animation scolaire"},"content":{"rendered":"\t\t<div data-elementor-type=\"wp-page\" data-elementor-id=\"22\" class=\"elementor elementor-22\">\n\t\t\t\t<div class=\"elementor-element elementor-element-e7209cb e-flex e-con-boxed wpr-particle-no wpr-jarallax-no wpr-parallax-no wpr-sticky-section-no wpr-column-slider-no wpr-equal-height-no e-con e-parent\" data-id=\"e7209cb\" data-element_type=\"container\" data-e-type=\"container\">\n\t\t\t\t\t<div class=\"e-con-inner\">\n\t\t\t\t<div class=\"elementor-element elementor-element-48cff96 elementor-widget elementor-widget-spacer\" data-id=\"48cff96\" data-element_type=\"widget\" data-e-type=\"widget\" data-widget_type=\"spacer.default\">\n\t\t\t\t<div class=\"elementor-widget-container\">\n\t\t\t\t\t\t\t<div class=\"elementor-spacer\">\n\t\t\t<div class=\"elementor-spacer-inner\"><\/div>\n\t\t<\/div>\n\t\t\t\t\t\t<\/div>\n\t\t\t\t<\/div>\n\t\t\t\t\t<\/div>\n\t\t\t\t<\/div>\n\t\t<div class=\"elementor-element elementor-element-c0e3a95 e-con-full e-flex wpr-particle-no wpr-jarallax-no wpr-parallax-no wpr-sticky-section-no wpr-column-slider-no wpr-equal-height-no e-con e-parent\" data-id=\"c0e3a95\" data-element_type=\"container\" data-e-type=\"container\" data-settings=\"{&quot;background_background&quot;:&quot;classic&quot;}\">\n\t\t\t\t<div class=\"elementor-element elementor-element-86afb27 elementor-widget elementor-widget-heading\" data-id=\"86afb27\" data-element_type=\"widget\" data-e-type=\"widget\" data-widget_type=\"heading.default\">\n\t\t\t\t<div class=\"elementor-widget-container\">\n\t\t\t\t\t<h1 class=\"elementor-heading-title elementor-size-default\">Projet p\u00e9dagogique autour des oiseaux dans la plaine <\/h1>\t\t\t\t<\/div>\n\t\t\t\t<\/div>\n\t\t\t\t<\/div>\n\t\t<div class=\"elementor-element elementor-element-2d1a82e e-flex e-con-boxed wpr-particle-no wpr-jarallax-no wpr-parallax-no wpr-sticky-section-no wpr-column-slider-no wpr-equal-height-no e-con e-parent\" data-id=\"2d1a82e\" data-element_type=\"container\" data-e-type=\"container\">\n\t\t\t\t\t<div class=\"e-con-inner\">\n\t\t\t\t<div class=\"elementor-element elementor-element-e81c591 elementor-widget elementor-widget-heading\" data-id=\"e81c591\" data-element_type=\"widget\" data-e-type=\"widget\" data-widget_type=\"heading.default\">\n\t\t\t\t<div class=\"elementor-widget-container\">\n\t\t\t\t\t<h2 class=\"elementor-heading-title elementor-size-default\">Influence des grandes infrastructures sur l\u2019avifaune de plaine : une approche multi-esp\u00e8ces et multi-\u00e9chelles<\/h2>\t\t\t\t<\/div>\n\t\t\t\t<\/div>\n\t\t\t\t<div class=\"elementor-element elementor-element-16412a8 elementor-widget elementor-widget-text-editor\" data-id=\"16412a8\" data-element_type=\"widget\" data-e-type=\"widget\" data-widget_type=\"text-editor.default\">\n\t\t\t\t<div class=\"elementor-widget-container\">\n\t\t\t\t\t\t\t\t\t<p><span style=\"font-weight: 400;\">Une \u00e9tude men\u00e9e conjointement avec le CEBC-CNRS a \u00e9t\u00e9 lanc\u00e9e en 2015 pour tenter d\u2019\u00e9valuer l\u2019impact de la densification des grandes infrastructures sur 3 esp\u00e8ces patrimoniales : l\u2019Outarde canepeti\u00e8re (<\/span><i><span style=\"font-weight: 400;\">Tetrax tetrax<\/span><\/i><span style=\"font-weight: 400;\">), l\u2019\u0152dicn\u00e8me criard (<\/span><i><span style=\"font-weight: 400;\">Burhinus oedicnemus<\/span><\/i><span style=\"font-weight: 400;\">) et le Busard cendr\u00e9 (<\/span><i><span style=\"font-weight: 400;\">Circus pygargus<\/span><\/i><span style=\"font-weight: 400;\">).<\/span><\/p><p><span style=\"font-weight: 400;\">Deux sites d\u2019\u00e9tudes localis\u00e9s en plaine c\u00e9r\u00e9ali\u00e8re agricole ont \u00e9t\u00e9 s\u00e9lectionn\u00e9s en fonction de leur degr\u00e9 d\u2019anthropisation : la ZPS Plaine de Niort Nord-Ouest \u2013 FR5412013 (ZPS NINO) et la Zone Atelier Plaine et Val-de-S\u00e8vre(ZA), int\u00e9grant la ZPS Plaine de Niort Sud-Est. Des oiseaux ont \u00e9t\u00e9 captur\u00e9s, \u00e9quip\u00e9s de balises GPS et leur condition physiologique a \u00e9t\u00e9 mesur\u00e9e.<\/span><\/p>\t\t\t\t\t\t\t\t<\/div>\n\t\t\t\t<\/div>\n\t\t\t\t<div class=\"elementor-element elementor-element-beed275 elementor-widget elementor-widget-heading\" data-id=\"beed275\" data-element_type=\"widget\" data-e-type=\"widget\" data-widget_type=\"heading.default\">\n\t\t\t\t<div class=\"elementor-widget-container\">\n\t\t\t\t\t<h2 class=\"elementor-heading-title elementor-size-default\">Le volet p\u00e9dagogique : \" Dans la plaine, on a construit pr\u00e8s de mon nid \"<\/h2>\t\t\t\t<\/div>\n\t\t\t\t<\/div>\n\t\t\t\t<div class=\"elementor-element elementor-element-7631ee3 elementor-widget elementor-widget-text-editor\" data-id=\"7631ee3\" data-element_type=\"widget\" data-e-type=\"widget\" data-widget_type=\"text-editor.default\">\n\t\t\t\t<div class=\"elementor-widget-container\">\n\t\t\t\t\t\t\t\t\t<p><span style=\"font-weight: 400;\">Nous proposons, par le biais d\u2019un programme p\u00e9dagogique co-construit avec le groupe science de l\u2019\u00c9ducation Nationale, de sensibiliser le public scolaire des cycles 2 et 3. Par cela, nous souhaitons privil\u00e9gier la d\u00e9marche d\u2019investigation des \u00e9l\u00e8ves afin de leur permettre d\u2019interpr\u00e9ter ces donn\u00e9es. Ensuite, nous recueillerons les repr\u00e9sentations de chacun sur la plaine agricole.\u00a0<\/span><\/p><p><span style=\"font-weight: 400;\">Par des observations de terrain, les \u00e9l\u00e8ves pourront d\u00e9finir l\u2019int\u00e9r\u00eat de ces milieux pour la biodiversit\u00e9 et choisir de suivre les d\u00e9placements de plusieurs oiseaux \u00e9quip\u00e9s de balises pour en d\u00e9duire l\u2019impact de la mutation du paysage. Ce projet s\u2019appuie sur le d\u00e9veloppement de comp\u00e9tences transversales alliant une approche de d\u00e9marche scientifique, l\u2019utilisation d\u2019outils num\u00e9riques, une approche historique et g\u00e9ographique des milieux.<\/span><\/p><p><span style=\"font-weight: 400;\">Cette approche locale permettra aux \u00e9l\u00e8ves d\u2019appr\u00e9hender un ph\u00e9nom\u00e8ne global qui impacte le d\u00e9placement de nombreuses esp\u00e8ces \u00e0 diff\u00e9rentes \u00e9chelles.<\/span><\/p><p><span style=\"font-weight: 400;\">Pour ce programme nous nous focaliserons sur la ZPS Plaine de Niort Nord-Ouest \u2013 FR5412013 (ZPS NINO) et analyserons les d\u00e9placements de certains Busards cendr\u00e9s et \u0152dicn\u00e8mes criards en proposant des trajectoires caract\u00e9ristiques.<\/span><\/p>\t\t\t\t\t\t\t\t<\/div>\n\t\t\t\t<\/div>\n\t\t\t\t<div class=\"elementor-element elementor-element-c20d2ed elementor-widget elementor-widget-heading\" data-id=\"c20d2ed\" data-element_type=\"widget\" data-e-type=\"widget\" data-widget_type=\"heading.default\">\n\t\t\t\t<div class=\"elementor-widget-container\">\n\t\t\t\t\t<h2 class=\"elementor-heading-title elementor-size-default\">Le volet p\u00e9dagogique : \" Dans la plaine, on a construit pr\u00e8s de mon nid \"<\/h2>\t\t\t\t<\/div>\n\t\t\t\t<\/div>\n\t\t\t\t<div class=\"elementor-element elementor-element-4d98710 elementor-widget elementor-widget-text-editor\" data-id=\"4d98710\" data-element_type=\"widget\" data-e-type=\"widget\" data-widget_type=\"text-editor.default\">\n\t\t\t\t<div class=\"elementor-widget-container\">\n\t\t\t\t\t\t\t\t\t<p><span style=\"font-weight: 400;\">Les objectifs g\u00e9n\u00e9raux sont les suivants :<\/span><\/p>\t\t\t\t\t\t\t\t<\/div>\n\t\t\t\t<\/div>\n\t\t\t\t<div class=\"elementor-element elementor-element-418b979 elementor-align-start elementor-widget__width-inherit elementor-icon-list--layout-traditional elementor-list-item-link-full_width elementor-widget elementor-widget-icon-list\" data-id=\"418b979\" data-element_type=\"widget\" data-e-type=\"widget\" data-widget_type=\"icon-list.default\">\n\t\t\t\t<div class=\"elementor-widget-container\">\n\t\t\t\t\t\t\t<ul class=\"elementor-icon-list-items\">\n\t\t\t\t\t\t\t<li class=\"elementor-icon-list-item\">\n\t\t\t\t\t\t\t\t\t\t\t<span class=\"elementor-icon-list-icon\">\n\t\t\t\t\t\t\t<svg aria-hidden=\"true\" class=\"e-font-icon-svg e-fas-circle\" viewBox=\"0 0 512 512\" xmlns=\"http:\/\/www.w3.org\/2000\/svg\"><path d=\"M256 8C119 8 8 119 8 256s111 248 248 248 248-111 248-248S393 8 256 8z\"><\/path><\/svg>\t\t\t\t\t\t<\/span>\n\t\t\t\t\t\t\t\t\t\t<span class=\"elementor-icon-list-text\">Appr\u00e9hender les besoins vitaux et les exigences en termes de d\u00e9placements de l\u2019avifaune de plaine.<\/span>\n\t\t\t\t\t\t\t\t\t<\/li>\n\t\t\t\t\t\t\t\t<li class=\"elementor-icon-list-item\">\n\t\t\t\t\t\t\t\t\t\t\t<span class=\"elementor-icon-list-icon\">\n\t\t\t\t\t\t\t<svg aria-hidden=\"true\" class=\"e-font-icon-svg e-fas-circle\" viewBox=\"0 0 512 512\" xmlns=\"http:\/\/www.w3.org\/2000\/svg\"><path d=\"M256 8C119 8 8 119 8 256s111 248 248 248 248-111 248-248S393 8 256 8z\"><\/path><\/svg>\t\t\t\t\t\t<\/span>\n\t\t\t\t\t\t\t\t\t\t<span class=\"elementor-icon-list-text\">Comprendre l\u2019int\u00e9r\u00eat \u00e9cologique de la plaine c\u00e9r\u00e9ali\u00e8re en tant que milieu de vie et non seulement zone de production.<\/span>\n\t\t\t\t\t\t\t\t\t<\/li>\n\t\t\t\t\t\t\t\t<li class=\"elementor-icon-list-item\">\n\t\t\t\t\t\t\t\t\t\t\t<span class=\"elementor-icon-list-icon\">\n\t\t\t\t\t\t\t<svg aria-hidden=\"true\" class=\"e-font-icon-svg e-fas-circle\" viewBox=\"0 0 512 512\" xmlns=\"http:\/\/www.w3.org\/2000\/svg\"><path d=\"M256 8C119 8 8 119 8 256s111 248 248 248 248-111 248-248S393 8 256 8z\"><\/path><\/svg>\t\t\t\t\t\t<\/span>\n\t\t\t\t\t\t\t\t\t\t<span class=\"elementor-icon-list-text\">Mettre en \u00e9vidence par le public les impacts des infrastructures sur les oiseaux de plaine.<\/span>\n\t\t\t\t\t\t\t\t\t<\/li>\n\t\t\t\t\t\t\t\t<li class=\"elementor-icon-list-item\">\n\t\t\t\t\t\t\t\t\t\t\t<span class=\"elementor-icon-list-icon\">\n\t\t\t\t\t\t\t<svg aria-hidden=\"true\" class=\"e-font-icon-svg e-fas-circle\" viewBox=\"0 0 512 512\" xmlns=\"http:\/\/www.w3.org\/2000\/svg\"><path d=\"M256 8C119 8 8 119 8 256s111 248 248 248 248-111 248-248S393 8 256 8z\"><\/path><\/svg>\t\t\t\t\t\t<\/span>\n\t\t\t\t\t\t\t\t\t\t<span class=\"elementor-icon-list-text\">Initier le public \u00e0 la d\u00e9marche scientifique.<\/span>\n\t\t\t\t\t\t\t\t\t<\/li>\n\t\t\t\t\t\t\t\t<li class=\"elementor-icon-list-item\">\n\t\t\t\t\t\t\t\t\t\t\t<span class=\"elementor-icon-list-icon\">\n\t\t\t\t\t\t\t<svg aria-hidden=\"true\" class=\"e-font-icon-svg e-fas-circle\" viewBox=\"0 0 512 512\" xmlns=\"http:\/\/www.w3.org\/2000\/svg\"><path d=\"M256 8C119 8 8 119 8 256s111 248 248 248 248-111 248-248S393 8 256 8z\"><\/path><\/svg>\t\t\t\t\t\t<\/span>\n\t\t\t\t\t\t\t\t\t\t<span class=\"elementor-icon-list-text\">Rendre les enfants acteurs de leurs d\u00e9couvertes.<\/span>\n\t\t\t\t\t\t\t\t\t<\/li>\n\t\t\t\t\t\t<\/ul>\n\t\t\t\t\t\t<\/div>\n\t\t\t\t<\/div>\n\t\t\t\t<div class=\"elementor-element elementor-element-ee62a0c elementor-widget elementor-widget-text-editor\" data-id=\"ee62a0c\" data-element_type=\"widget\" data-e-type=\"widget\" data-widget_type=\"text-editor.default\">\n\t\t\t\t<div class=\"elementor-widget-container\">\n\t\t\t\t\t\t\t\t\t<p><span style=\"font-weight: 400;\">Ce projet est construit en une s\u00e9quence compos\u00e9e de 10 s\u00e9ances d\u2019animation, dont 5 men\u00e9es par le GODS et 5 en classe men\u00e9es par l\u2019enseignant\u00b7e. Il s\u2019appuie sur un livret compl\u00e9t\u00e9 au fur et \u00e0 mesure, qui constituera la m\u00e9moire des connaissances acquises tout au long du projet.<\/span><\/p>\t\t\t\t\t\t\t\t<\/div>\n\t\t\t\t<\/div>\n\t\t\t\t\t<\/div>\n\t\t\t\t<\/div>\n\t\t\t\t<\/div>\n\t\t","protected":false},"excerpt":{"rendered":"<p>Projet p\u00e9dagogique autour des oiseaux dans la plaine Influence des grandes infrastructures sur l\u2019avifaune de plaine : une approche multi-esp\u00e8ces et multi-\u00e9chelles Une \u00e9tude men\u00e9e conjointement avec le CEBC-CNRS a \u00e9t\u00e9 lanc\u00e9e en 2015 pour tenter d\u2019\u00e9valuer l\u2019impact de la densification des grandes infrastructures sur 3 esp\u00e8ces patrimoniales : l\u2019Outarde canepeti\u00e8re (Tetrax tetrax), l\u2019\u0152dicn\u00e8me criard (Burhinus oedicnemus) et le Busard cendr\u00e9 (Circus pygargus). Deux sites d\u2019\u00e9tudes localis\u00e9s en plaine c\u00e9r\u00e9ali\u00e8re agricole ont \u00e9t\u00e9 s\u00e9lectionn\u00e9s en fonction de leur degr\u00e9 d\u2019anthropisation : la ZPS Plaine de Niort Nord-Ouest \u2013 FR5412013 (ZPS NINO) et la Zone Atelier Plaine et Val-de-S\u00e8vre(ZA), int\u00e9grant la ZPS Plaine de Niort Sud-Est. Des oiseaux ont \u00e9t\u00e9 captur\u00e9s, \u00e9quip\u00e9s de balises GPS et leur condition physiologique a \u00e9t\u00e9 mesur\u00e9e. Le volet p\u00e9dagogique : \u00a0\u00bb Dans la plaine, on a construit pr\u00e8s de mon nid \u00ab\u00a0 Nous proposons, par le biais d\u2019un programme p\u00e9dagogique co-construit avec le groupe science de l\u2019\u00c9ducation Nationale, de sensibiliser le public scolaire des cycles 2 et 3. Par cela, nous souhaitons privil\u00e9gier la d\u00e9marche d\u2019investigation des \u00e9l\u00e8ves afin de leur permettre d\u2019interpr\u00e9ter ces donn\u00e9es. Ensuite, nous recueillerons les repr\u00e9sentations de chacun sur la plaine agricole.\u00a0 Par des observations de terrain, les \u00e9l\u00e8ves pourront d\u00e9finir l\u2019int\u00e9r\u00eat de ces milieux pour la biodiversit\u00e9 et choisir de suivre les d\u00e9placements de plusieurs oiseaux \u00e9quip\u00e9s de balises pour en d\u00e9duire l\u2019impact de la mutation du paysage. Ce projet s\u2019appuie sur le d\u00e9veloppement de comp\u00e9tences transversales alliant une approche de d\u00e9marche scientifique, l\u2019utilisation d\u2019outils num\u00e9riques, une approche historique et g\u00e9ographique des milieux. Cette approche locale permettra aux \u00e9l\u00e8ves d\u2019appr\u00e9hender un ph\u00e9nom\u00e8ne global qui impacte le d\u00e9placement de nombreuses esp\u00e8ces \u00e0 diff\u00e9rentes \u00e9chelles. Pour ce programme nous nous focaliserons sur la ZPS Plaine de Niort Nord-Ouest \u2013 FR5412013 (ZPS NINO) et analyserons les d\u00e9placements de certains Busards cendr\u00e9s et \u0152dicn\u00e8mes criards en proposant des trajectoires caract\u00e9ristiques. Le volet p\u00e9dagogique : \u00a0\u00bb Dans la plaine, on a construit pr\u00e8s de mon nid \u00ab\u00a0 Les objectifs g\u00e9n\u00e9raux sont les suivants : Appr\u00e9hender les besoins vitaux et les exigences en termes de d\u00e9placements de l\u2019avifaune de plaine. Comprendre l\u2019int\u00e9r\u00eat \u00e9cologique de la plaine c\u00e9r\u00e9ali\u00e8re en tant que milieu de vie et non seulement zone de production. Mettre en \u00e9vidence par le public les impacts des infrastructures sur les oiseaux de plaine. Initier le public \u00e0 la d\u00e9marche scientifique. Rendre les enfants acteurs de leurs d\u00e9couvertes. Ce projet est construit en une s\u00e9quence compos\u00e9e de 10 s\u00e9ances d\u2019animation, dont 5 men\u00e9es par le GODS et 5 en classe men\u00e9es par l\u2019enseignant\u00b7e. Il s\u2019appuie sur un livret compl\u00e9t\u00e9 au fur et \u00e0 mesure, qui constituera la m\u00e9moire des connaissances acquises tout au long du projet.<\/p>\n","protected":false},"author":1,"featured_media":0,"parent":0,"menu_order":0,"comment_status":"closed","ping_status":"closed","template":"elementor_header_footer","meta":{"footnotes":""},"class_list":["post-22","page","type-page","status-publish","hentry"],"blocksy_meta":[],"_links":{"self":[{"href":"https:\/\/www.najarian.projetsmmichamps.fr\/gods\/wp-json\/wp\/v2\/pages\/22","targetHints":{"allow":["GET"]}}],"collection":[{"href":"https:\/\/www.najarian.projetsmmichamps.fr\/gods\/wp-json\/wp\/v2\/pages"}],"about":[{"href":"https:\/\/www.najarian.projetsmmichamps.fr\/gods\/wp-json\/wp\/v2\/types\/page"}],"author":[{"embeddable":true,"href":"https:\/\/www.najarian.projetsmmichamps.fr\/gods\/wp-json\/wp\/v2\/users\/1"}],"replies":[{"embeddable":true,"href":"https:\/\/www.najarian.projetsmmichamps.fr\/gods\/wp-json\/wp\/v2\/comments?post=22"}],"version-history":[{"count":44,"href":"https:\/\/www.najarian.projetsmmichamps.fr\/gods\/wp-json\/wp\/v2\/pages\/22\/revisions"}],"predecessor-version":[{"id":3023,"href":"https:\/\/www.najarian.projetsmmichamps.fr\/gods\/wp-json\/wp\/v2\/pages\/22\/revisions\/3023"}],"wp:attachment":[{"href":"https:\/\/www.najarian.projetsmmichamps.fr\/gods\/wp-json\/wp\/v2\/media?parent=22"}],"curies":[{"name":"wp","href":"https:\/\/api.w.org\/{rel}","templated":true}]}}