{"id":2119,"date":"2025-06-11T19:17:33","date_gmt":"2025-06-11T17:17:33","guid":{"rendered":"https:\/\/www.najarian.projetsmmichamps.fr\/gods\/?page_id=2119"},"modified":"2025-06-12T04:14:06","modified_gmt":"2025-06-12T02:14:06","slug":"secourir","status":"publish","type":"page","link":"https:\/\/www.najarian.projetsmmichamps.fr\/gods\/secourir\/","title":{"rendered":"Secourir"},"content":{"rendered":"\t\t<div data-elementor-type=\"wp-page\" data-elementor-id=\"2119\" class=\"elementor elementor-2119\">\n\t\t\t\t<div class=\"elementor-element elementor-element-2d88d6b e-flex e-con-boxed wpr-particle-no wpr-jarallax-no wpr-parallax-no wpr-sticky-section-no wpr-column-slider-no wpr-equal-height-no e-con e-parent\" data-id=\"2d88d6b\" data-element_type=\"container\" data-e-type=\"container\">\n\t\t\t\t\t<div class=\"e-con-inner\">\n\t\t\t\t<div class=\"elementor-element elementor-element-d4bc826 elementor-widget elementor-widget-spacer\" data-id=\"d4bc826\" data-element_type=\"widget\" data-e-type=\"widget\" data-widget_type=\"spacer.default\">\n\t\t\t\t<div class=\"elementor-widget-container\">\n\t\t\t\t\t\t\t<div class=\"elementor-spacer\">\n\t\t\t<div class=\"elementor-spacer-inner\"><\/div>\n\t\t<\/div>\n\t\t\t\t\t\t<\/div>\n\t\t\t\t<\/div>\n\t\t\t\t\t<\/div>\n\t\t\t\t<\/div>\n\t\t<div class=\"elementor-element elementor-element-5639882 e-con-full e-flex wpr-particle-no wpr-jarallax-no wpr-parallax-no wpr-sticky-section-no wpr-column-slider-no wpr-equal-height-no e-con e-parent\" data-id=\"5639882\" data-element_type=\"container\" data-e-type=\"container\" data-settings=\"{&quot;background_background&quot;:&quot;classic&quot;}\">\n\t\t\t\t<div class=\"elementor-element elementor-element-2137c7c elementor-widget elementor-widget-heading\" data-id=\"2137c7c\" data-element_type=\"widget\" data-e-type=\"widget\" data-widget_type=\"heading.default\">\n\t\t\t\t<div class=\"elementor-widget-container\">\n\t\t\t\t\t<h1 class=\"elementor-heading-title elementor-size-default\">Secourir un oiseau en d\u00e9tresse : les bons gestes \u00e0 adopter<\/h1>\t\t\t\t<\/div>\n\t\t\t\t<\/div>\n\t\t\t\t<\/div>\n\t\t<div class=\"elementor-element elementor-element-1f5353b e-flex e-con-boxed wpr-particle-no wpr-jarallax-no wpr-parallax-no wpr-sticky-section-no wpr-column-slider-no wpr-equal-height-no e-con e-parent\" data-id=\"1f5353b\" data-element_type=\"container\" data-e-type=\"container\">\n\t\t\t\t\t<div class=\"e-con-inner\">\n\t\t<div class=\"elementor-element elementor-element-9dee809 e-con-full e-flex wpr-particle-no wpr-jarallax-no wpr-parallax-no wpr-sticky-section-no wpr-column-slider-no wpr-equal-height-no e-con e-child\" data-id=\"9dee809\" data-element_type=\"container\" data-e-type=\"container\">\n\t\t<div class=\"elementor-element elementor-element-516a663 e-con-full e-flex wpr-particle-no wpr-jarallax-no wpr-parallax-no wpr-sticky-section-no wpr-column-slider-no wpr-equal-height-no e-con e-child\" data-id=\"516a663\" data-element_type=\"container\" data-e-type=\"container\">\n\t\t\t\t<div class=\"elementor-element elementor-element-9adf976 elementor-widget elementor-widget-text-editor\" data-id=\"9adf976\" data-element_type=\"widget\" data-e-type=\"widget\" data-widget_type=\"text-editor.default\">\n\t\t\t\t<div class=\"elementor-widget-container\">\n\t\t\t\t\t\t\t\t\t<p><span style=\"font-weight: 400;\">Chaque ann\u00e9e, de nombreux oiseaux sont victimes de collisions, d\u2019attaques de pr\u00e9dateurs ou d\u2019\u00e9puisement. Face \u00e0 un oiseau bless\u00e9 ou en d\u00e9tresse, il est naturel de vouloir l\u2019aider, mais encore faut-il savoir comment bien agir, sans aggraver la situation. En respectant quelques r\u00e8gles simples, chacun peut contribuer \u00e0 sauver une vie\u2026 tout en respectant la l\u00e9gislation et la s\u00e9curit\u00e9 de tous. Cette fiche vous donne les bons gestes \u00e0 adopter et les erreurs \u00e0 \u00e9viter.<\/span><\/p>\t\t\t\t\t\t\t\t<\/div>\n\t\t\t\t<\/div>\n\t\t\t\t<div class=\"elementor-element elementor-element-24f7adf elementor-widget elementor-widget-heading\" data-id=\"24f7adf\" data-element_type=\"widget\" data-e-type=\"widget\" data-widget_type=\"heading.default\">\n\t\t\t\t<div class=\"elementor-widget-container\">\n\t\t\t\t\t<h2 class=\"elementor-heading-title elementor-size-default\">Que faire en pr\u00e9sence d'un oiseau mort ?<\/h2>\t\t\t\t<\/div>\n\t\t\t\t<\/div>\n\t\t\t\t<div class=\"elementor-element elementor-element-d524962 elementor-widget elementor-widget-text-editor\" data-id=\"d524962\" data-element_type=\"widget\" data-e-type=\"widget\" data-widget_type=\"text-editor.default\">\n\t\t\t\t<div class=\"elementor-widget-container\">\n\t\t\t\t\t\t\t\t\t<p><span style=\"font-weight: 400;\">Tout transport d\u2019esp\u00e8ces prot\u00e9g\u00e9es, mortes ou vivantes, est interdit y compris \u0153ufs et plumes.<\/span><\/p><p><span style=\"font-weight: 400;\">Une tol\u00e9rance est cependant observ\u00e9e pour les esp\u00e8ces prot\u00e9g\u00e9es bless\u00e9es \u00e0 condition d\u2019avoir pr\u00e9venu le centre de soins destinataire, l\u2019OFB (<\/span><a href=\"https:\/\/www.ofb.gouv.fr\/\"><span style=\"font-weight: 400;\">Office Fran\u00e7ais de la Biodiversit\u00e9<\/span><\/a><span style=\"font-weight: 400;\">, 05 49 25 02 47), la DDCSPP (ex-Direction d\u00e9partementale des services v\u00e9t\u00e9rinaires, 210 avenue de la Venise Verte, 79022 Niort Cedex, 05.49.79.37.44, <\/span><span style=\"font-weight: 400;\">ddsv79@agriculture.gouv.fr<\/span><span style=\"font-weight: 400;\">), une association.<\/span><\/p><p><span style=\"font-weight: 400;\">En cas de mort suspecte (non naturelle), contacter l\u2019OFB \u2013 05 49 25 02 47.<\/span><\/p>\t\t\t\t\t\t\t\t<\/div>\n\t\t\t\t<\/div>\n\t\t\t\t<\/div>\n\t\t<div class=\"elementor-element elementor-element-4c26bc6 e-con-full e-flex wpr-particle-no wpr-jarallax-no wpr-parallax-no wpr-sticky-section-no wpr-column-slider-no wpr-equal-height-no e-con e-child\" data-id=\"4c26bc6\" data-element_type=\"container\" data-e-type=\"container\">\n\t\t\t\t<div class=\"elementor-element elementor-element-33424ab elementor-widget elementor-widget-image\" data-id=\"33424ab\" data-element_type=\"widget\" data-e-type=\"widget\" data-widget_type=\"image.default\">\n\t\t\t\t<div class=\"elementor-widget-container\">\n\t\t\t\t\t\t\t\t\t\t\t\t\t\t\t<img fetchpriority=\"high\" decoding=\"async\" width=\"1414\" height=\"2000\" src=\"https:\/\/www.najarian.projetsmmichamps.fr\/gods\/wp-content\/uploads\/2025\/06\/Oiseaux_Blesses.webp\" class=\"attachment-full size-full wp-image-2605\" alt=\"\" srcset=\"https:\/\/www.najarian.projetsmmichamps.fr\/gods\/wp-content\/uploads\/2025\/06\/Oiseaux_Blesses.webp 1414w, https:\/\/www.najarian.projetsmmichamps.fr\/gods\/wp-content\/uploads\/2025\/06\/Oiseaux_Blesses-212x300.webp 212w, https:\/\/www.najarian.projetsmmichamps.fr\/gods\/wp-content\/uploads\/2025\/06\/Oiseaux_Blesses-724x1024.webp 724w, https:\/\/www.najarian.projetsmmichamps.fr\/gods\/wp-content\/uploads\/2025\/06\/Oiseaux_Blesses-768x1086.webp 768w, https:\/\/www.najarian.projetsmmichamps.fr\/gods\/wp-content\/uploads\/2025\/06\/Oiseaux_Blesses-1086x1536.webp 1086w\" sizes=\"(max-width: 1414px) 100vw, 1414px\" \/>\t\t\t\t\t\t\t\t\t\t\t\t\t\t\t<\/div>\n\t\t\t\t<\/div>\n\t\t\t\t<\/div>\n\t\t\t\t<\/div>\n\t\t\t\t\t<\/div>\n\t\t\t\t<\/div>\n\t\t\t\t<\/div>\n\t\t","protected":false},"excerpt":{"rendered":"<p>Secourir un oiseau en d\u00e9tresse : les bons gestes \u00e0 adopter Chaque ann\u00e9e, de nombreux oiseaux sont victimes de collisions, d\u2019attaques de pr\u00e9dateurs ou d\u2019\u00e9puisement. Face \u00e0 un oiseau bless\u00e9 ou en d\u00e9tresse, il est naturel de vouloir l\u2019aider, mais encore faut-il savoir comment bien agir, sans aggraver la situation. En respectant quelques r\u00e8gles simples, chacun peut contribuer \u00e0 sauver une vie\u2026 tout en respectant la l\u00e9gislation et la s\u00e9curit\u00e9 de tous. Cette fiche vous donne les bons gestes \u00e0 adopter et les erreurs \u00e0 \u00e9viter. Que faire en pr\u00e9sence d&rsquo;un oiseau mort ? Tout transport d\u2019esp\u00e8ces prot\u00e9g\u00e9es, mortes ou vivantes, est interdit y compris \u0153ufs et plumes. Une tol\u00e9rance est cependant observ\u00e9e pour les esp\u00e8ces prot\u00e9g\u00e9es bless\u00e9es \u00e0 condition d\u2019avoir pr\u00e9venu le centre de soins destinataire, l\u2019OFB (Office Fran\u00e7ais de la Biodiversit\u00e9, 05 49 25 02 47), la DDCSPP (ex-Direction d\u00e9partementale des services v\u00e9t\u00e9rinaires, 210 avenue de la Venise Verte, 79022 Niort Cedex, 05.49.79.37.44, ddsv79@agriculture.gouv.fr), une association. En cas de mort suspecte (non naturelle), contacter l\u2019OFB \u2013 05 49 25 02 47.<\/p>\n","protected":false},"author":1,"featured_media":0,"parent":0,"menu_order":0,"comment_status":"closed","ping_status":"closed","template":"elementor_header_footer","meta":{"footnotes":""},"class_list":["post-2119","page","type-page","status-publish","hentry"],"blocksy_meta":[],"_links":{"self":[{"href":"https:\/\/www.najarian.projetsmmichamps.fr\/gods\/wp-json\/wp\/v2\/pages\/2119","targetHints":{"allow":["GET"]}}],"collection":[{"href":"https:\/\/www.najarian.projetsmmichamps.fr\/gods\/wp-json\/wp\/v2\/pages"}],"about":[{"href":"https:\/\/www.najarian.projetsmmichamps.fr\/gods\/wp-json\/wp\/v2\/types\/page"}],"author":[{"embeddable":true,"href":"https:\/\/www.najarian.projetsmmichamps.fr\/gods\/wp-json\/wp\/v2\/users\/1"}],"replies":[{"embeddable":true,"href":"https:\/\/www.najarian.projetsmmichamps.fr\/gods\/wp-json\/wp\/v2\/comments?post=2119"}],"version-history":[{"count":76,"href":"https:\/\/www.najarian.projetsmmichamps.fr\/gods\/wp-json\/wp\/v2\/pages\/2119\/revisions"}],"predecessor-version":[{"id":3086,"href":"https:\/\/www.najarian.projetsmmichamps.fr\/gods\/wp-json\/wp\/v2\/pages\/2119\/revisions\/3086"}],"wp:attachment":[{"href":"https:\/\/www.najarian.projetsmmichamps.fr\/gods\/wp-json\/wp\/v2\/media?parent=2119"}],"curies":[{"name":"wp","href":"https:\/\/api.w.org\/{rel}","templated":true}]}}