{"id":2112,"date":"2025-06-11T19:07:56","date_gmt":"2025-06-11T17:07:56","guid":{"rendered":"https:\/\/www.najarian.projetsmmichamps.fr\/gods\/?page_id=2112"},"modified":"2025-06-12T04:03:06","modified_gmt":"2025-06-12T02:03:06","slug":"publications","status":"publish","type":"page","link":"https:\/\/www.najarian.projetsmmichamps.fr\/gods\/publications\/","title":{"rendered":"Publications"},"content":{"rendered":"\t\t<div data-elementor-type=\"wp-page\" data-elementor-id=\"2112\" class=\"elementor elementor-2112\">\n\t\t\t\t<div class=\"elementor-element elementor-element-01d9ea2 e-flex e-con-boxed wpr-particle-no wpr-jarallax-no wpr-parallax-no wpr-sticky-section-no wpr-column-slider-no wpr-equal-height-no e-con e-parent\" data-id=\"01d9ea2\" data-element_type=\"container\" data-e-type=\"container\">\n\t\t\t\t\t<div class=\"e-con-inner\">\n\t\t\t\t<div class=\"elementor-element elementor-element-d46b2f4 elementor-widget elementor-widget-spacer\" data-id=\"d46b2f4\" data-element_type=\"widget\" data-e-type=\"widget\" data-widget_type=\"spacer.default\">\n\t\t\t\t<div class=\"elementor-widget-container\">\n\t\t\t\t\t\t\t<div class=\"elementor-spacer\">\n\t\t\t<div class=\"elementor-spacer-inner\"><\/div>\n\t\t<\/div>\n\t\t\t\t\t\t<\/div>\n\t\t\t\t<\/div>\n\t\t\t\t\t<\/div>\n\t\t\t\t<\/div>\n\t\t<div class=\"elementor-element elementor-element-cfc2e9f e-con-full e-flex wpr-particle-no wpr-jarallax-no wpr-parallax-no wpr-sticky-section-no wpr-column-slider-no wpr-equal-height-no e-con e-parent\" data-id=\"cfc2e9f\" data-element_type=\"container\" data-e-type=\"container\" data-settings=\"{&quot;background_background&quot;:&quot;classic&quot;}\">\n\t\t\t\t<div class=\"elementor-element elementor-element-71c408c elementor-widget elementor-widget-heading\" data-id=\"71c408c\" data-element_type=\"widget\" data-e-type=\"widget\" data-widget_type=\"heading.default\">\n\t\t\t\t<div class=\"elementor-widget-container\">\n\t\t\t\t\t<h1 class=\"elementor-heading-title elementor-size-default\">Retrouvez toutes les publications du GODS : livre, revue scientifique et autres d\u00e9pliants et brochures !<\/h1>\t\t\t\t<\/div>\n\t\t\t\t<\/div>\n\t\t\t\t<\/div>\n\t\t<div class=\"elementor-element elementor-element-e3cefe7 e-flex e-con-boxed wpr-particle-no wpr-jarallax-no wpr-parallax-no wpr-sticky-section-no wpr-column-slider-no wpr-equal-height-no e-con e-parent\" data-id=\"e3cefe7\" data-element_type=\"container\" data-e-type=\"container\">\n\t\t\t\t\t<div class=\"e-con-inner\">\n\t\t\t\t<div class=\"elementor-element elementor-element-c56c21b elementor-widget elementor-widget-heading\" data-id=\"c56c21b\" data-element_type=\"widget\" data-e-type=\"widget\" data-widget_type=\"heading.default\">\n\t\t\t\t<div class=\"elementor-widget-container\">\n\t\t\t\t\t<h2 class=\"elementor-heading-title elementor-size-default\">Le Lirou<\/h2>\t\t\t\t<\/div>\n\t\t\t\t<\/div>\n\t\t\t\t<div class=\"elementor-element elementor-element-dc58650 elementor-widget elementor-widget-text-editor\" data-id=\"dc58650\" data-element_type=\"widget\" data-e-type=\"widget\" data-widget_type=\"text-editor.default\">\n\t\t\t\t<div class=\"elementor-widget-container\">\n\t\t\t\t\t\t\t\t\t<p>Le Groupe Ornithologique des Deux-S\u00e8vres (GODS) publie chaque ann\u00e9e le\u00a0<strong>\u00ab\u00a0Lirou\u00a0\u00bb, une revue<\/strong>\u00a0qui fait le point sur les actualit\u00e9s ornithologiques du d\u00e9partement. Elle pr\u00e9sente la synth\u00e8se annuelle des observations ornithologiques, offre des articles de fonds sur des \u00e9tudes ou enqu\u00eates r\u00e9alis\u00e9es et fait d\u00e9couvrir la vie de l\u2019association. Elle para\u00eet chaque ann\u00e9e fin octobre.<\/p><p>Prix\u00a0: 12\u20ac\u00a0; 6\u20ac pour les anciens num\u00e9ros\u00a0; 20\u20ac pour 5 anciens num\u00e9ros.<br \/>Consultation gratuite aux locaux du GODS.<\/p>\t\t\t\t\t\t\t\t<\/div>\n\t\t\t\t<\/div>\n\t\t\t\t<div class=\"elementor-element elementor-element-0c5d7d5 elementor-widget elementor-widget-heading\" data-id=\"0c5d7d5\" data-element_type=\"widget\" data-e-type=\"widget\" data-widget_type=\"heading.default\">\n\t\t\t\t<div class=\"elementor-widget-container\">\n\t\t\t\t\t<h2 class=\"elementor-heading-title elementor-size-default\">Nos livres<\/h2>\t\t\t\t<\/div>\n\t\t\t\t<\/div>\n\t\t\t\t<div class=\"elementor-element elementor-element-b5ed0ef elementor-widget elementor-widget-heading\" data-id=\"b5ed0ef\" data-element_type=\"widget\" data-e-type=\"widget\" data-widget_type=\"heading.default\">\n\t\t\t\t<div class=\"elementor-widget-container\">\n\t\t\t\t\t<h2 class=\"elementor-heading-title elementor-size-default\">Ph\u00e9nologie des oiseaux migrateurs dans les Deux-S\u00e8vres, Premi\u00e8re partie : les limicoles et les larid\u00e9s (et alli\u00e9s) \u2013 Michel Fouquet<\/h2>\t\t\t\t<\/div>\n\t\t\t\t<\/div>\n\t\t\t\t<div class=\"elementor-element elementor-element-20c84f3 elementor-widget elementor-widget-text-editor\" data-id=\"20c84f3\" data-element_type=\"widget\" data-e-type=\"widget\" data-widget_type=\"text-editor.default\">\n\t\t\t\t<div class=\"elementor-widget-container\">\n\t\t\t\t\t\t\t\t\t<p>Ce travail fait le point sur tout ce qui est connu du statut des esp\u00e8ces migratrices en Deux-S\u00e8vres. Cette premi\u00e8re partie traite des limicoles (\u00e0 l\u2019exception de l\u2019\u0152dicn\u00e8me criard et de la B\u00e9casse des bois), des labbes, des larid\u00e9s, des sternid\u00e9s et des alcid\u00e9s et couvre les donn\u00e9es historiques jusqu\u2019\u00e0 l\u2019ann\u00e9e 2020 incluse.<\/p>\t\t\t\t\t\t\t\t<\/div>\n\t\t\t\t<\/div>\n\t\t\t\t<div class=\"elementor-element elementor-element-31cfba2 elementor-widget elementor-widget-heading\" data-id=\"31cfba2\" data-element_type=\"widget\" data-e-type=\"widget\" data-widget_type=\"heading.default\">\n\t\t\t\t<div class=\"elementor-widget-container\">\n\t\t\t\t\t<h2 class=\"elementor-heading-title elementor-size-default\">Les oiseaux du jardin en Deux-S\u00e8vres<\/h2>\t\t\t\t<\/div>\n\t\t\t\t<\/div>\n\t\t\t\t<div class=\"elementor-element elementor-element-7a9c44a elementor-widget elementor-widget-text-editor\" data-id=\"7a9c44a\" data-element_type=\"widget\" data-e-type=\"widget\" data-widget_type=\"text-editor.default\">\n\t\t\t\t<div class=\"elementor-widget-container\">\n\t\t\t\t\t\t\t\t\t<p>Afin de pouvoir pratiquer l\u2019observation depuis votre terrasse ou votre balcon, le GODS vous propose un livret d\u2019aide \u00e0 l\u2019observation afin d\u2019apprendre \u00e0 reconna\u00eetre nos amis \u00e0 plumes d\u2019un seul coup d\u2019\u0153il\u00a0!<\/p><p>Tarif : 6\u20ac ou inclus dans le kit<\/p>\t\t\t\t\t\t\t\t<\/div>\n\t\t\t\t<\/div>\n\t\t\t\t<div class=\"elementor-element elementor-element-9e607ee elementor-widget elementor-widget-heading\" data-id=\"9e607ee\" data-element_type=\"widget\" data-e-type=\"widget\" data-widget_type=\"heading.default\">\n\t\t\t\t<div class=\"elementor-widget-container\">\n\t\t\t\t\t<h2 class=\"elementor-heading-title elementor-size-default\">Les oiseaux du Poitou-Charentes<\/h2>\t\t\t\t<\/div>\n\t\t\t\t<\/div>\n\t\t\t\t<div class=\"elementor-element elementor-element-6f4ab85 elementor-widget elementor-widget-text-editor\" data-id=\"6f4ab85\" data-element_type=\"widget\" data-e-type=\"widget\" data-widget_type=\"text-editor.default\">\n\t\t\t\t<div class=\"elementor-widget-container\">\n\t\t\t\t\t\t\t\t\t<div id=\"primary\" class=\"content-area clr\"><div id=\"content\" class=\"site-content clr\"><article class=\"single-page-article clr\"><div class=\"entry clr\"><div class=\"elementor elementor-2183\" data-elementor-type=\"wp-page\" data-elementor-id=\"2183\"><section class=\"elementor-section elementor-top-section elementor-element elementor-element-13dd2fd elementor-section-boxed elementor-section-height-default elementor-section-height-default\" data-id=\"13dd2fd\" data-element_type=\"section\"><div class=\"elementor-container elementor-column-gap-default\"><div class=\"elementor-column elementor-col-100 elementor-top-column elementor-element elementor-element-759f502\" data-id=\"759f502\" data-element_type=\"column\"><div class=\"elementor-widget-wrap elementor-element-populated\"><div class=\"elementor-element elementor-element-0ffea05 elementor-widget elementor-widget-text-editor\" data-id=\"0ffea05\" data-element_type=\"widget\" data-widget_type=\"text-editor.default\"><div class=\"elementor-widget-container\"><p>\u00ab Les Oiseaux du Poitou-Charentes \u00bb est un ouvrage collectif. Fruit du travail de plus d\u2019une centaine de b\u00e9n\u00e9voles et salari\u00e9s des associations ornithologiques de Poitou-Charentes, il vient concr\u00e9tiser cinq ann\u00e9es de recherches et de r\u00e9dactions.<\/p><p>Avec ses 500 illustrations dont la plupart mises \u00e0 disposition par des photographes de Poitou-Charentes, ses cartes, 180 au total, pour chaque oiseau nicheur dans la r\u00e9gion et son c\u00e9d\u00e9rom interactif, ce livre est une bible consacr\u00e9e aux 460 esp\u00e8ces observ\u00e9es en Poitou-Charentes depuis plus d\u2019un si\u00e8cle.<\/p><p>Mais plus qu\u2019un simple atlas technique, il s\u2019agit \u00e9galement d\u2019un ouvrage de qualit\u00e9, un beau livre, accessible au grand public, mettant en valeur les richesses de la r\u00e9gion. Nicheurs, migrateurs, hivernants, r\u00e9partition des esp\u00e8ces, les milieux fr\u00e9quent\u00e9s par les oiseaux\u2026 sont d\u00e9taill\u00e9s dans ses 432 pages.<\/p><p>Prix : 15 \u20ac<\/p><\/div><\/div><\/div><\/div><\/div><\/section><\/div><\/div><\/article><\/div><\/div>\t\t\t\t\t\t\t\t<\/div>\n\t\t\t\t<\/div>\n\t\t\t\t<div class=\"elementor-element elementor-element-00cda9f elementor-widget elementor-widget-heading\" data-id=\"00cda9f\" data-element_type=\"widget\" data-e-type=\"widget\" data-widget_type=\"heading.default\">\n\t\t\t\t<div class=\"elementor-widget-container\">\n\t\t\t\t\t<h2 class=\"elementor-heading-title elementor-size-default\">D\u00e9pliants et brochures<\/h2>\t\t\t\t<\/div>\n\t\t\t\t<\/div>\n\t\t\t\t<div class=\"elementor-element elementor-element-94c9b6e elementor-widget elementor-widget-text-editor\" data-id=\"94c9b6e\" data-element_type=\"widget\" data-e-type=\"widget\" data-widget_type=\"text-editor.default\">\n\t\t\t\t<div class=\"elementor-widget-container\">\n\t\t\t\t\t\t\t\t\t<p>Toutes nos brochures et d\u00e9pliants sont en libre-acc\u00e8s dans les locaux du GODS et sur nos stands :<\/p>\t\t\t\t\t\t\t\t<\/div>\n\t\t\t\t<\/div>\n\t\t\t\t<div class=\"elementor-element elementor-element-8b33b47 elementor-align-start elementor-widget__width-inherit elementor-icon-list--layout-traditional elementor-list-item-link-full_width elementor-widget elementor-widget-icon-list\" data-id=\"8b33b47\" data-element_type=\"widget\" data-e-type=\"widget\" data-widget_type=\"icon-list.default\">\n\t\t\t\t<div class=\"elementor-widget-container\">\n\t\t\t\t\t\t\t<ul class=\"elementor-icon-list-items\">\n\t\t\t\t\t\t\t<li class=\"elementor-icon-list-item\">\n\t\t\t\t\t\t\t\t\t\t\t<a href=\"https:\/\/www.najarian.projetsmmichamps.fr\/gods\/wp-content\/uploads\/2025\/06\/Plaquette-GODS-oiseaux-forestiers-finale-light.pdf\" target=\"_blank\">\n\n\t\t\t\t\t\t\t\t\t\t\t\t<span class=\"elementor-icon-list-icon\">\n\t\t\t\t\t\t\t<svg aria-hidden=\"true\" class=\"e-font-icon-svg e-fas-circle\" viewBox=\"0 0 512 512\" xmlns=\"http:\/\/www.w3.org\/2000\/svg\"><path d=\"M256 8C119 8 8 119 8 256s111 248 248 248 248-111 248-248S393 8 256 8z\"><\/path><\/svg>\t\t\t\t\t\t<\/span>\n\t\t\t\t\t\t\t\t\t\t<span class=\"elementor-icon-list-text\">Les oiseaux de nos for\u00eats en Deux-S\u00e8vres<\/span>\n\t\t\t\t\t\t\t\t\t\t\t<\/a>\n\t\t\t\t\t\t\t\t\t<\/li>\n\t\t\t\t\t\t\t\t<li class=\"elementor-icon-list-item\">\n\t\t\t\t\t\t\t\t\t\t\t<a href=\"https:\/\/www.najarian.projetsmmichamps.fr\/gods\/wp-content\/uploads\/2025\/06\/Plaquette_Oiseaux-des-rivieres_GODS-light.pdf\" target=\"_blank\">\n\n\t\t\t\t\t\t\t\t\t\t\t\t<span class=\"elementor-icon-list-icon\">\n\t\t\t\t\t\t\t<svg aria-hidden=\"true\" class=\"e-font-icon-svg e-fas-circle\" viewBox=\"0 0 512 512\" xmlns=\"http:\/\/www.w3.org\/2000\/svg\"><path d=\"M256 8C119 8 8 119 8 256s111 248 248 248 248-111 248-248S393 8 256 8z\"><\/path><\/svg>\t\t\t\t\t\t<\/span>\n\t\t\t\t\t\t\t\t\t\t<span class=\"elementor-icon-list-text\">Les oiseaux de nos rivi\u00e8res en Deux-S\u00e8vres<\/span>\n\t\t\t\t\t\t\t\t\t\t\t<\/a>\n\t\t\t\t\t\t\t\t\t<\/li>\n\t\t\t\t\t\t\t\t<li class=\"elementor-icon-list-item\">\n\t\t\t\t\t\t\t\t\t\t\t<a href=\"https:\/\/www.najarian.projetsmmichamps.fr\/gods\/wp-content\/uploads\/2025\/06\/Brochure_Oiseaux-des-haies_GODS.pdf\" target=\"_blank\">\n\n\t\t\t\t\t\t\t\t\t\t\t\t<span class=\"elementor-icon-list-icon\">\n\t\t\t\t\t\t\t<svg aria-hidden=\"true\" class=\"e-font-icon-svg e-fas-circle\" viewBox=\"0 0 512 512\" xmlns=\"http:\/\/www.w3.org\/2000\/svg\"><path d=\"M256 8C119 8 8 119 8 256s111 248 248 248 248-111 248-248S393 8 256 8z\"><\/path><\/svg>\t\t\t\t\t\t<\/span>\n\t\t\t\t\t\t\t\t\t\t<span class=\"elementor-icon-list-text\">Les oiseaux de nos haies en Deux-S\u00e8vres<\/span>\n\t\t\t\t\t\t\t\t\t\t\t<\/a>\n\t\t\t\t\t\t\t\t\t<\/li>\n\t\t\t\t\t\t\t\t<li class=\"elementor-icon-list-item\">\n\t\t\t\t\t\t\t\t\t\t\t<a href=\"https:\/\/www.calameo.com\/read\/005702446eae98c7c55b2\" target=\"_blank\">\n\n\t\t\t\t\t\t\t\t\t\t\t\t<span class=\"elementor-icon-list-icon\">\n\t\t\t\t\t\t\t<svg aria-hidden=\"true\" class=\"e-font-icon-svg e-fas-circle\" viewBox=\"0 0 512 512\" xmlns=\"http:\/\/www.w3.org\/2000\/svg\"><path d=\"M256 8C119 8 8 119 8 256s111 248 248 248 248-111 248-248S393 8 256 8z\"><\/path><\/svg>\t\t\t\t\t\t<\/span>\n\t\t\t\t\t\t\t\t\t\t<span class=\"elementor-icon-list-text\">Accueillir les oiseaux<\/span>\n\t\t\t\t\t\t\t\t\t\t\t<\/a>\n\t\t\t\t\t\t\t\t\t<\/li>\n\t\t\t\t\t\t\t\t<li class=\"elementor-icon-list-item\">\n\t\t\t\t\t\t\t\t\t\t\t<a href=\"https:\/\/www.najarian.projetsmmichamps.fr\/gods\/wp-content\/uploads\/2025\/06\/GODS-Oiseaux_et_bati-Fiche-Renovation_bati_ancien.pdf\" target=\"_blank\">\n\n\t\t\t\t\t\t\t\t\t\t\t\t<span class=\"elementor-icon-list-icon\">\n\t\t\t\t\t\t\t<svg aria-hidden=\"true\" class=\"e-font-icon-svg e-fas-circle\" viewBox=\"0 0 512 512\" xmlns=\"http:\/\/www.w3.org\/2000\/svg\"><path d=\"M256 8C119 8 8 119 8 256s111 248 248 248 248-111 248-248S393 8 256 8z\"><\/path><\/svg>\t\t\t\t\t\t<\/span>\n\t\t\t\t\t\t\t\t\t\t<span class=\"elementor-icon-list-text\">Fiche \u00ab R\u00e9novation du b\u00e2ti ancien \u00bb<\/span>\n\t\t\t\t\t\t\t\t\t\t\t<\/a>\n\t\t\t\t\t\t\t\t\t<\/li>\n\t\t\t\t\t\t\t\t<li class=\"elementor-icon-list-item\">\n\t\t\t\t\t\t\t\t\t\t\t<a href=\"https:\/\/www.najarian.projetsmmichamps.fr\/gods\/wp-content\/uploads\/2025\/06\/GODS-Oiseaux_et_bati-Fiche-Renovation_bati_recent.pdf\" target=\"_blank\">\n\n\t\t\t\t\t\t\t\t\t\t\t\t<span class=\"elementor-icon-list-icon\">\n\t\t\t\t\t\t\t<svg aria-hidden=\"true\" class=\"e-font-icon-svg e-fas-circle\" viewBox=\"0 0 512 512\" xmlns=\"http:\/\/www.w3.org\/2000\/svg\"><path d=\"M256 8C119 8 8 119 8 256s111 248 248 248 248-111 248-248S393 8 256 8z\"><\/path><\/svg>\t\t\t\t\t\t<\/span>\n\t\t\t\t\t\t\t\t\t\t<span class=\"elementor-icon-list-text\">Fiche \u00ab R\u00e9novation du b\u00e2ti r\u00e9cent \u00bb<\/span>\n\t\t\t\t\t\t\t\t\t\t\t<\/a>\n\t\t\t\t\t\t\t\t\t<\/li>\n\t\t\t\t\t\t\t\t<li class=\"elementor-icon-list-item\">\n\t\t\t\t\t\t\t\t\t\t\t<a href=\"https:\/\/www.najarian.projetsmmichamps.fr\/gods\/wp-content\/uploads\/2025\/06\/GODS-Oiseaux_et_bati-Fiche-Construction_bati_neuf.pdf\" target=\"_blank\">\n\n\t\t\t\t\t\t\t\t\t\t\t\t<span class=\"elementor-icon-list-icon\">\n\t\t\t\t\t\t\t<svg aria-hidden=\"true\" class=\"e-font-icon-svg e-fas-circle\" viewBox=\"0 0 512 512\" xmlns=\"http:\/\/www.w3.org\/2000\/svg\"><path d=\"M256 8C119 8 8 119 8 256s111 248 248 248 248-111 248-248S393 8 256 8z\"><\/path><\/svg>\t\t\t\t\t\t<\/span>\n\t\t\t\t\t\t\t\t\t\t<span class=\"elementor-icon-list-text\">Fiche \u00ab Construction de b\u00e2ti neuf \u00bb<\/span>\n\t\t\t\t\t\t\t\t\t\t\t<\/a>\n\t\t\t\t\t\t\t\t\t<\/li>\n\t\t\t\t\t\t\t\t<li class=\"elementor-icon-list-item\">\n\t\t\t\t\t\t\t\t\t\t\t<a href=\"https:\/\/www.najarian.projetsmmichamps.fr\/gods\/wp-content\/uploads\/2025\/06\/SOS_Busards_20-ans-d-actions-VF-light.pdf\" target=\"_blank\">\n\n\t\t\t\t\t\t\t\t\t\t\t\t<span class=\"elementor-icon-list-icon\">\n\t\t\t\t\t\t\t<svg aria-hidden=\"true\" class=\"e-font-icon-svg e-fas-circle\" viewBox=\"0 0 512 512\" xmlns=\"http:\/\/www.w3.org\/2000\/svg\"><path d=\"M256 8C119 8 8 119 8 256s111 248 248 248 248-111 248-248S393 8 256 8z\"><\/path><\/svg>\t\t\t\t\t\t<\/span>\n\t\t\t\t\t\t\t\t\t\t<span class=\"elementor-icon-list-text\">Livret Busard cendr\u00e9 en Deux-S\u00e8vres<\/span>\n\t\t\t\t\t\t\t\t\t\t\t<\/a>\n\t\t\t\t\t\t\t\t\t<\/li>\n\t\t\t\t\t\t\t\t<li class=\"elementor-icon-list-item\">\n\t\t\t\t\t\t\t\t\t\t\t<a href=\"https:\/\/www.najarian.projetsmmichamps.fr\/gods\/wp-content\/uploads\/2025\/06\/Triptyque-Busards.pdf\" target=\"_blank\">\n\n\t\t\t\t\t\t\t\t\t\t\t\t<span class=\"elementor-icon-list-icon\">\n\t\t\t\t\t\t\t<svg aria-hidden=\"true\" class=\"e-font-icon-svg e-fas-circle\" viewBox=\"0 0 512 512\" xmlns=\"http:\/\/www.w3.org\/2000\/svg\"><path d=\"M256 8C119 8 8 119 8 256s111 248 248 248 248-111 248-248S393 8 256 8z\"><\/path><\/svg>\t\t\t\t\t\t<\/span>\n\t\t\t\t\t\t\t\t\t\t<span class=\"elementor-icon-list-text\">Flyer Busard<\/span>\n\t\t\t\t\t\t\t\t\t\t\t<\/a>\n\t\t\t\t\t\t\t\t\t<\/li>\n\t\t\t\t\t\t<\/ul>\n\t\t\t\t\t\t<\/div>\n\t\t\t\t<\/div>\n\t\t\t\t\t<\/div>\n\t\t\t\t<\/div>\n\t\t\t\t<\/div>\n\t\t","protected":false},"excerpt":{"rendered":"<p>Retrouvez toutes les publications du GODS : livre, revue scientifique et autres d\u00e9pliants et brochures ! Le Lirou Le Groupe Ornithologique des Deux-S\u00e8vres (GODS) publie chaque ann\u00e9e le\u00a0\u00ab\u00a0Lirou\u00a0\u00bb, une revue\u00a0qui fait le point sur les actualit\u00e9s ornithologiques du d\u00e9partement. Elle pr\u00e9sente la synth\u00e8se annuelle des observations ornithologiques, offre des articles de fonds sur des \u00e9tudes ou enqu\u00eates r\u00e9alis\u00e9es et fait d\u00e9couvrir la vie de l\u2019association. Elle para\u00eet chaque ann\u00e9e fin octobre. Prix\u00a0: 12\u20ac\u00a0; 6\u20ac pour les anciens num\u00e9ros\u00a0; 20\u20ac pour 5 anciens num\u00e9ros.Consultation gratuite aux locaux du GODS. Nos livres Ph\u00e9nologie des oiseaux migrateurs dans les Deux-S\u00e8vres, Premi\u00e8re partie : les limicoles et les larid\u00e9s (et alli\u00e9s) \u2013 Michel Fouquet Ce travail fait le point sur tout ce qui est connu du statut des esp\u00e8ces migratrices en Deux-S\u00e8vres. Cette premi\u00e8re partie traite des limicoles (\u00e0 l\u2019exception de l\u2019\u0152dicn\u00e8me criard et de la B\u00e9casse des bois), des labbes, des larid\u00e9s, des sternid\u00e9s et des alcid\u00e9s et couvre les donn\u00e9es historiques jusqu\u2019\u00e0 l\u2019ann\u00e9e 2020 incluse. Les oiseaux du jardin en Deux-S\u00e8vres Afin de pouvoir pratiquer l\u2019observation depuis votre terrasse ou votre balcon, le GODS vous propose un livret d\u2019aide \u00e0 l\u2019observation afin d\u2019apprendre \u00e0 reconna\u00eetre nos amis \u00e0 plumes d\u2019un seul coup d\u2019\u0153il\u00a0! Tarif : 6\u20ac ou inclus dans le kit Les oiseaux du Poitou-Charentes \u00ab Les Oiseaux du Poitou-Charentes \u00bb est un ouvrage collectif. Fruit du travail de plus d\u2019une centaine de b\u00e9n\u00e9voles et salari\u00e9s des associations ornithologiques de Poitou-Charentes, il vient concr\u00e9tiser cinq ann\u00e9es de recherches et de r\u00e9dactions. Avec ses 500 illustrations dont la plupart mises \u00e0 disposition par des photographes de Poitou-Charentes, ses cartes, 180 au total, pour chaque oiseau nicheur dans la r\u00e9gion et son c\u00e9d\u00e9rom interactif, ce livre est une bible consacr\u00e9e aux 460 esp\u00e8ces observ\u00e9es en Poitou-Charentes depuis plus d\u2019un si\u00e8cle. Mais plus qu\u2019un simple atlas technique, il s\u2019agit \u00e9galement d\u2019un ouvrage de qualit\u00e9, un beau livre, accessible au grand public, mettant en valeur les richesses de la r\u00e9gion. Nicheurs, migrateurs, hivernants, r\u00e9partition des esp\u00e8ces, les milieux fr\u00e9quent\u00e9s par les oiseaux\u2026 sont d\u00e9taill\u00e9s dans ses 432 pages. Prix : 15 \u20ac D\u00e9pliants et brochures Toutes nos brochures et d\u00e9pliants sont en libre-acc\u00e8s dans les locaux du GODS et sur nos stands : Les oiseaux de nos for\u00eats en Deux-S\u00e8vres Les oiseaux de nos rivi\u00e8res en Deux-S\u00e8vres Les oiseaux de nos haies en Deux-S\u00e8vres Accueillir les oiseaux Fiche \u00ab R\u00e9novation du b\u00e2ti ancien \u00bb Fiche \u00ab R\u00e9novation du b\u00e2ti r\u00e9cent \u00bb Fiche \u00ab Construction de b\u00e2ti neuf \u00bb Livret Busard cendr\u00e9 en Deux-S\u00e8vres Flyer Busard<\/p>\n","protected":false},"author":1,"featured_media":0,"parent":0,"menu_order":0,"comment_status":"closed","ping_status":"closed","template":"elementor_header_footer","meta":{"footnotes":""},"class_list":["post-2112","page","type-page","status-publish","hentry"],"blocksy_meta":[],"_links":{"self":[{"href":"https:\/\/www.najarian.projetsmmichamps.fr\/gods\/wp-json\/wp\/v2\/pages\/2112","targetHints":{"allow":["GET"]}}],"collection":[{"href":"https:\/\/www.najarian.projetsmmichamps.fr\/gods\/wp-json\/wp\/v2\/pages"}],"about":[{"href":"https:\/\/www.najarian.projetsmmichamps.fr\/gods\/wp-json\/wp\/v2\/types\/page"}],"author":[{"embeddable":true,"href":"https:\/\/www.najarian.projetsmmichamps.fr\/gods\/wp-json\/wp\/v2\/users\/1"}],"replies":[{"embeddable":true,"href":"https:\/\/www.najarian.projetsmmichamps.fr\/gods\/wp-json\/wp\/v2\/comments?post=2112"}],"version-history":[{"count":187,"href":"https:\/\/www.najarian.projetsmmichamps.fr\/gods\/wp-json\/wp\/v2\/pages\/2112\/revisions"}],"predecessor-version":[{"id":3044,"href":"https:\/\/www.najarian.projetsmmichamps.fr\/gods\/wp-json\/wp\/v2\/pages\/2112\/revisions\/3044"}],"wp:attachment":[{"href":"https:\/\/www.najarian.projetsmmichamps.fr\/gods\/wp-json\/wp\/v2\/media?parent=2112"}],"curies":[{"name":"wp","href":"https:\/\/api.w.org\/{rel}","templated":true}]}}