{"id":1394,"date":"2025-06-11T09:57:43","date_gmt":"2025-06-11T07:57:43","guid":{"rendered":"https:\/\/www.najarian.projetsmmichamps.fr\/gods\/?page_id=1394"},"modified":"2026-03-18T16:48:24","modified_gmt":"2026-03-18T15:48:24","slug":"qui-sommes-nous","status":"publish","type":"page","link":"https:\/\/www.najarian.projetsmmichamps.fr\/gods\/qui-sommes-nous\/","title":{"rendered":"Qui sommes nous ?"},"content":{"rendered":"\t\t<div data-elementor-type=\"wp-page\" data-elementor-id=\"1394\" class=\"elementor elementor-1394\">\n\t\t\t\t<div class=\"elementor-element elementor-element-e86a0ed e-con-full e-flex wpr-particle-no wpr-jarallax-no wpr-parallax-no wpr-sticky-section-no wpr-column-slider-no wpr-equal-height-no e-con e-parent\" data-id=\"e86a0ed\" data-element_type=\"container\" data-e-type=\"container\">\n\t\t<div class=\"elementor-element elementor-element-d95a415 e-con-full e-flex wpr-particle-no wpr-jarallax-no wpr-parallax-no wpr-sticky-section-no wpr-column-slider-no wpr-equal-height-no e-con e-child\" data-id=\"d95a415\" data-element_type=\"container\" data-e-type=\"container\">\n\t\t\t\t<div class=\"elementor-element elementor-element-dceb4eb elementor-widget__width-inherit elementor-widget elementor-widget-heading\" data-id=\"dceb4eb\" data-element_type=\"widget\" data-e-type=\"widget\" data-widget_type=\"heading.default\">\n\t\t\t\t<div class=\"elementor-widget-container\">\n\t\t\t\t\t<h1 class=\"elementor-heading-title elementor-size-default\">Pour la protection des oiseaux et de la biodiversit\u00e9<\/h1>\t\t\t\t<\/div>\n\t\t\t\t<\/div>\n\t\t\t\t<\/div>\n\t\t<div class=\"elementor-element elementor-element-608dd48 e-con-full e-flex wpr-particle-no wpr-jarallax-no wpr-parallax-no wpr-sticky-section-no wpr-column-slider-no wpr-equal-height-no e-con e-child\" data-id=\"608dd48\" data-element_type=\"container\" data-e-type=\"container\">\n\t\t\t\t<div class=\"elementor-element elementor-element-84f2388 elementor-widget elementor-widget-image\" data-id=\"84f2388\" data-element_type=\"widget\" data-e-type=\"widget\" data-widget_type=\"image.default\">\n\t\t\t\t<div class=\"elementor-widget-container\">\n\t\t\t\t\t\t\t\t\t\t\t\t\t\t\t<img fetchpriority=\"high\" decoding=\"async\" width=\"1297\" height=\"1684\" src=\"https:\/\/www.najarian.projetsmmichamps.fr\/gods\/wp-content\/uploads\/2025\/06\/V2.webp\" class=\"attachment-full size-full wp-image-1515\" alt=\"\" srcset=\"https:\/\/www.najarian.projetsmmichamps.fr\/gods\/wp-content\/uploads\/2025\/06\/V2.webp 1297w, https:\/\/www.najarian.projetsmmichamps.fr\/gods\/wp-content\/uploads\/2025\/06\/V2-231x300.webp 231w, https:\/\/www.najarian.projetsmmichamps.fr\/gods\/wp-content\/uploads\/2025\/06\/V2-789x1024.webp 789w, https:\/\/www.najarian.projetsmmichamps.fr\/gods\/wp-content\/uploads\/2025\/06\/V2-768x997.webp 768w, https:\/\/www.najarian.projetsmmichamps.fr\/gods\/wp-content\/uploads\/2025\/06\/V2-1183x1536.webp 1183w\" sizes=\"(max-width: 1297px) 100vw, 1297px\" \/>\t\t\t\t\t\t\t\t\t\t\t\t\t\t\t<\/div>\n\t\t\t\t<\/div>\n\t\t\t\t<\/div>\n\t\t\t\t<\/div>\n\t\t<div class=\"elementor-element elementor-element-d456214 e-flex e-con-boxed wpr-particle-no wpr-jarallax-no wpr-parallax-no wpr-sticky-section-no wpr-column-slider-no wpr-equal-height-no e-con e-parent\" data-id=\"d456214\" data-element_type=\"container\" data-e-type=\"container\">\n\t\t\t\t\t<div class=\"e-con-inner\">\n\t\t\t\t<div class=\"elementor-element elementor-element-16ada52 elementor-widget elementor-widget-heading\" data-id=\"16ada52\" data-element_type=\"widget\" data-e-type=\"widget\" data-widget_type=\"heading.default\">\n\t\t\t\t<div class=\"elementor-widget-container\">\n\t\t\t\t\t<h2 class=\"elementor-heading-title elementor-size-default\">Notre association, une \u00e9quipe engag\u00e9e<\/h2>\t\t\t\t<\/div>\n\t\t\t\t<\/div>\n\t\t\t\t<div class=\"elementor-element elementor-element-fadb988 elementor-widget elementor-widget-text-editor\" data-id=\"fadb988\" data-element_type=\"widget\" data-e-type=\"widget\" data-widget_type=\"text-editor.default\">\n\t\t\t\t<div class=\"elementor-widget-container\">\n\t\t\t\t\t\t\t\t\t<p><span style=\"font-weight: 400;\">Le Groupe Ornithologique des Deux-S\u00e8vres (GODS) est une association de protection de la nature et de l\u2019environnement ayant pour objectif l\u2019observation, la connaissance et la protection des oiseaux sauvages et de leurs milieux dans le d\u00e9partement des Deux-S\u00e8vres. <\/span><span style=\"font-weight: 400;\">Notre \u00e9quipe est compos\u00e9e de quinze administrateurs qui servent de t\u00eates pensantes de l\u2019association. Ils en supervisent les activit\u00e9s, en constituent la strat\u00e9gie et prennent les d\u00e9cisions importantes. Notre \u00e9quipe est aussi constitu\u00e9e de salari\u00e9s sp\u00e9cialis\u00e9s dans divers domaines en rapport avec la conservation de la faune aviaire. On y compte des ornithologues, des sp\u00e9cialistes de l\u2019\u00e9ducation environnementale ainsi que des g\u00e9omaticiens.<\/span><\/p>\t\t\t\t\t\t\t\t<\/div>\n\t\t\t\t<\/div>\n\t\t<div class=\"elementor-element elementor-element-dae1ebf e-con-full e-flex wpr-particle-no wpr-jarallax-no wpr-parallax-no wpr-sticky-section-no wpr-column-slider-no wpr-equal-height-no e-con e-child\" data-id=\"dae1ebf\" data-element_type=\"container\" data-e-type=\"container\">\n\t\t<div class=\"elementor-element elementor-element-3d53207 e-con-full e-flex wpr-particle-no wpr-jarallax-no wpr-parallax-no wpr-sticky-section-no wpr-column-slider-no wpr-equal-height-no e-con e-child\" data-id=\"3d53207\" data-element_type=\"container\" data-e-type=\"container\">\n\t\t\t\t<div class=\"elementor-element elementor-element-1f4236f elementor-widget__width-initial elementor-widget elementor-widget-image\" data-id=\"1f4236f\" data-element_type=\"widget\" data-e-type=\"widget\" data-widget_type=\"image.default\">\n\t\t\t\t<div class=\"elementor-widget-container\">\n\t\t\t\t\t\t\t\t\t\t\t\t\t\t\t<img decoding=\"async\" width=\"1552\" height=\"1096\" src=\"https:\/\/www.najarian.projetsmmichamps.fr\/gods\/wp-content\/uploads\/2026\/03\/Membre_du_burreau-1.webp\" class=\"attachment-full size-full wp-image-3162\" alt=\"\" srcset=\"https:\/\/www.najarian.projetsmmichamps.fr\/gods\/wp-content\/uploads\/2026\/03\/Membre_du_burreau-1.webp 1552w, https:\/\/www.najarian.projetsmmichamps.fr\/gods\/wp-content\/uploads\/2026\/03\/Membre_du_burreau-1-300x212.webp 300w, https:\/\/www.najarian.projetsmmichamps.fr\/gods\/wp-content\/uploads\/2026\/03\/Membre_du_burreau-1-1024x723.webp 1024w, https:\/\/www.najarian.projetsmmichamps.fr\/gods\/wp-content\/uploads\/2026\/03\/Membre_du_burreau-1-768x542.webp 768w, https:\/\/www.najarian.projetsmmichamps.fr\/gods\/wp-content\/uploads\/2026\/03\/Membre_du_burreau-1-1536x1085.webp 1536w\" sizes=\"(max-width: 1552px) 100vw, 1552px\" \/>\t\t\t\t\t\t\t\t\t\t\t\t\t\t\t<\/div>\n\t\t\t\t<\/div>\n\t\t\t\t<\/div>\n\t\t<div class=\"elementor-element elementor-element-d2ddea4 e-con-full e-flex wpr-particle-no wpr-jarallax-no wpr-parallax-no wpr-sticky-section-no wpr-column-slider-no wpr-equal-height-no e-con e-child\" data-id=\"d2ddea4\" data-element_type=\"container\" data-e-type=\"container\">\n\t\t\t\t<div class=\"elementor-element elementor-element-38ea264 elementor-widget elementor-widget-image\" data-id=\"38ea264\" data-element_type=\"widget\" data-e-type=\"widget\" data-widget_type=\"image.default\">\n\t\t\t\t<div class=\"elementor-widget-container\">\n\t\t\t\t\t\t\t\t\t\t\t\t\t\t\t<img decoding=\"async\" width=\"1552\" height=\"1061\" src=\"https:\/\/www.najarian.projetsmmichamps.fr\/gods\/wp-content\/uploads\/2026\/03\/Autres_administrateurs-1.webp\" class=\"attachment-full size-full wp-image-3163\" alt=\"\" srcset=\"https:\/\/www.najarian.projetsmmichamps.fr\/gods\/wp-content\/uploads\/2026\/03\/Autres_administrateurs-1.webp 1552w, https:\/\/www.najarian.projetsmmichamps.fr\/gods\/wp-content\/uploads\/2026\/03\/Autres_administrateurs-1-300x205.webp 300w, https:\/\/www.najarian.projetsmmichamps.fr\/gods\/wp-content\/uploads\/2026\/03\/Autres_administrateurs-1-1024x700.webp 1024w, https:\/\/www.najarian.projetsmmichamps.fr\/gods\/wp-content\/uploads\/2026\/03\/Autres_administrateurs-1-768x525.webp 768w, https:\/\/www.najarian.projetsmmichamps.fr\/gods\/wp-content\/uploads\/2026\/03\/Autres_administrateurs-1-1536x1050.webp 1536w\" sizes=\"(max-width: 1552px) 100vw, 1552px\" \/>\t\t\t\t\t\t\t\t\t\t\t\t\t\t\t<\/div>\n\t\t\t\t<\/div>\n\t\t\t\t<\/div>\n\t\t\t\t<\/div>\n\t\t\t\t<div class=\"elementor-element elementor-element-49ae0e7 elementor-widget elementor-widget-heading\" data-id=\"49ae0e7\" data-element_type=\"widget\" data-e-type=\"widget\" data-widget_type=\"heading.default\">\n\t\t\t\t<div class=\"elementor-widget-container\">\n\t\t\t\t\t<h2 class=\"elementor-heading-title elementor-size-default\">Nos valeurs, guides de l\u2019association<\/h2>\t\t\t\t<\/div>\n\t\t\t\t<\/div>\n\t\t\t\t<div class=\"elementor-element elementor-element-842d435 elementor-widget elementor-widget-text-editor\" data-id=\"842d435\" data-element_type=\"widget\" data-e-type=\"widget\" data-widget_type=\"text-editor.default\">\n\t\t\t\t<div class=\"elementor-widget-container\">\n\t\t\t\t\t\t\t\t\t<p><span style=\"font-weight: 400;\"><strong>ENGAGEMENT\u00a0:<\/strong> nous agissons dans le cadre d\u2019une association la\u00efque et revendiquons une ind\u00e9pendance totale dans nos actions. Nous d\u00e9cidons de nos orientations en toute impartialit\u00e9. Nous assumons nos choix militants en nous impliquant dans les d\u00e9bats. <\/span><\/p><p><strong>RESPECT\u00a0:<\/strong> nous inscrivons et d\u00e9fendons le respect au c\u0153ur de nos relations. Nous respectons la nature en nous pr\u00e9occupant constamment du vivant et des \u00e9quilibres entre les esp\u00e8ces et leurs milieux. Nous privil\u00e9gions toujours le respect de l\u2019autre dans les \u00e9changes, les d\u00e9bats et la confrontation des id\u00e9es.\u00a0<\/p><p><span style=\"font-weight: 400;\"><strong>\u00c9THIQUE :<\/strong> b\u00e9n\u00e9voles et salari\u00e9s, nous menons nos actions et r\u00e9flexions dans un esprit d\u2019objectivit\u00e9, d\u2019int\u00e9grit\u00e9 et de rigueur.\u00a0<\/span><\/p><p><span style=\"font-weight: 400;\"><strong>PARTAGE :<\/strong> nous pr\u00f4nons le partage de connaissances, d\u2019observations, de comp\u00e9tences et de temps. Ces connaissances et comp\u00e9tences sont mises \u00e0 disposition du public au travers de nos actions.<\/span><\/p><p><span style=\"font-weight: 400;\"><strong>CONVIVIALIT\u00c9 :<\/strong> nous inscrivons la convivialit\u00e9, c\u2019est-\u00e0-dire le plaisir et le partage dans le \u00ab faire ensemble \u00bb, au sein de toutes les activit\u00e9s de l\u2019association.<\/span><\/p>\t\t\t\t\t\t\t\t<\/div>\n\t\t\t\t<\/div>\n\t\t\t\t<div class=\"elementor-element elementor-element-b95d074 elementor-widget elementor-widget-heading\" data-id=\"b95d074\" data-element_type=\"widget\" data-e-type=\"widget\" data-widget_type=\"heading.default\">\n\t\t\t\t<div class=\"elementor-widget-container\">\n\t\t\t\t\t<h2 class=\"elementor-heading-title elementor-size-default\">Nos actions, au service de la nature<\/h2>\t\t\t\t<\/div>\n\t\t\t\t<\/div>\n\t\t\t\t<div class=\"elementor-element elementor-element-d481c2f elementor-widget elementor-widget-text-editor\" data-id=\"d481c2f\" data-element_type=\"widget\" data-e-type=\"widget\" data-widget_type=\"text-editor.default\">\n\t\t\t\t<div class=\"elementor-widget-container\">\n\t\t\t\t\t\t\t\t\t<p><span style=\"font-weight: 400;\">Le GODS poss\u00e8de 3 grands axes interconnect\u00e9s. L&rsquo;\u00e9ducation \u00e0 l&rsquo;environnement, qui consiste \u00e0 organiser des animations aupr\u00e8s des plus jeunes pour leur faire d\u00e9couvrir le monde de l&rsquo;ornithologie et la richesse de la biodiversit\u00e9. L&rsquo;\u00e9tude et la protection des esp\u00e8ces les plus fragiles. Et pour finir, la protection des espaces \u00e0 travers nos collaborations avec les agriculteurs, les entreprises et particuliers.<\/span><\/p>\t\t\t\t\t\t\t\t<\/div>\n\t\t\t\t<\/div>\n\t\t\t\t<div class=\"elementor-element elementor-element-10cd054 elementor-widget elementor-widget-heading\" data-id=\"10cd054\" data-element_type=\"widget\" data-e-type=\"widget\" data-widget_type=\"heading.default\">\n\t\t\t\t<div class=\"elementor-widget-container\">\n\t\t\t\t\t<h2 class=\"elementor-heading-title elementor-size-default\">Contacts<\/h2>\t\t\t\t<\/div>\n\t\t\t\t<\/div>\n\t\t\t\t<div class=\"elementor-element elementor-element-8629ae3 elementor-widget elementor-widget-text-editor\" data-id=\"8629ae3\" data-element_type=\"widget\" data-e-type=\"widget\" data-widget_type=\"text-editor.default\">\n\t\t\t\t<div class=\"elementor-widget-container\">\n\t\t\t\t\t\t\t\t\t<p><span style=\"font-weight: 400;\">05 49 09 24 49<\/span><br \/><a href=\"https:\/\/maps.app.goo.gl\/pjtJi8H4jAjXFBcN9\"><span style=\"font-weight: 400;\">Espace associatif Langevin Wallon, 48 rue Rouget de l\u2019Isle &#8211; 79000 Niort<\/span><\/a><\/p>\t\t\t\t\t\t\t\t<\/div>\n\t\t\t\t<\/div>\n\t\t\t\t\t<\/div>\n\t\t\t\t<\/div>\n\t\t\t\t<\/div>\n\t\t","protected":false},"excerpt":{"rendered":"<p>Pour la protection des oiseaux et de la biodiversit\u00e9 Notre association, une \u00e9quipe engag\u00e9e Le Groupe Ornithologique des Deux-S\u00e8vres (GODS) est une association de protection de la nature et de l\u2019environnement ayant pour objectif l\u2019observation, la connaissance et la protection des oiseaux sauvages et de leurs milieux dans le d\u00e9partement des Deux-S\u00e8vres. Notre \u00e9quipe est compos\u00e9e de quinze administrateurs qui servent de t\u00eates pensantes de l\u2019association. Ils en supervisent les activit\u00e9s, en constituent la strat\u00e9gie et prennent les d\u00e9cisions importantes. Notre \u00e9quipe est aussi constitu\u00e9e de salari\u00e9s sp\u00e9cialis\u00e9s dans divers domaines en rapport avec la conservation de la faune aviaire. On y compte des ornithologues, des sp\u00e9cialistes de l\u2019\u00e9ducation environnementale ainsi que des g\u00e9omaticiens. Nos valeurs, guides de l\u2019association ENGAGEMENT\u00a0: nous agissons dans le cadre d\u2019une association la\u00efque et revendiquons une ind\u00e9pendance totale dans nos actions. Nous d\u00e9cidons de nos orientations en toute impartialit\u00e9. Nous assumons nos choix militants en nous impliquant dans les d\u00e9bats. RESPECT\u00a0: nous inscrivons et d\u00e9fendons le respect au c\u0153ur de nos relations. Nous respectons la nature en nous pr\u00e9occupant constamment du vivant et des \u00e9quilibres entre les esp\u00e8ces et leurs milieux. Nous privil\u00e9gions toujours le respect de l\u2019autre dans les \u00e9changes, les d\u00e9bats et la confrontation des id\u00e9es.\u00a0 \u00c9THIQUE : b\u00e9n\u00e9voles et salari\u00e9s, nous menons nos actions et r\u00e9flexions dans un esprit d\u2019objectivit\u00e9, d\u2019int\u00e9grit\u00e9 et de rigueur.\u00a0 PARTAGE : nous pr\u00f4nons le partage de connaissances, d\u2019observations, de comp\u00e9tences et de temps. Ces connaissances et comp\u00e9tences sont mises \u00e0 disposition du public au travers de nos actions. CONVIVIALIT\u00c9 : nous inscrivons la convivialit\u00e9, c\u2019est-\u00e0-dire le plaisir et le partage dans le \u00ab faire ensemble \u00bb, au sein de toutes les activit\u00e9s de l\u2019association. Nos actions, au service de la nature Le GODS poss\u00e8de 3 grands axes interconnect\u00e9s. L&rsquo;\u00e9ducation \u00e0 l&rsquo;environnement, qui consiste \u00e0 organiser des animations aupr\u00e8s des plus jeunes pour leur faire d\u00e9couvrir le monde de l&rsquo;ornithologie et la richesse de la biodiversit\u00e9. L&rsquo;\u00e9tude et la protection des esp\u00e8ces les plus fragiles. Et pour finir, la protection des espaces \u00e0 travers nos collaborations avec les agriculteurs, les entreprises et particuliers. Contacts 05 49 09 24 49Espace associatif Langevin Wallon, 48 rue Rouget de l\u2019Isle &#8211; 79000 Niort<\/p>\n","protected":false},"author":1,"featured_media":0,"parent":0,"menu_order":0,"comment_status":"closed","ping_status":"closed","template":"","meta":{"footnotes":""},"class_list":["post-1394","page","type-page","status-publish","hentry"],"blocksy_meta":[],"_links":{"self":[{"href":"https:\/\/www.najarian.projetsmmichamps.fr\/gods\/wp-json\/wp\/v2\/pages\/1394","targetHints":{"allow":["GET"]}}],"collection":[{"href":"https:\/\/www.najarian.projetsmmichamps.fr\/gods\/wp-json\/wp\/v2\/pages"}],"about":[{"href":"https:\/\/www.najarian.projetsmmichamps.fr\/gods\/wp-json\/wp\/v2\/types\/page"}],"author":[{"embeddable":true,"href":"https:\/\/www.najarian.projetsmmichamps.fr\/gods\/wp-json\/wp\/v2\/users\/1"}],"replies":[{"embeddable":true,"href":"https:\/\/www.najarian.projetsmmichamps.fr\/gods\/wp-json\/wp\/v2\/comments?post=1394"}],"version-history":[{"count":208,"href":"https:\/\/www.najarian.projetsmmichamps.fr\/gods\/wp-json\/wp\/v2\/pages\/1394\/revisions"}],"predecessor-version":[{"id":3166,"href":"https:\/\/www.najarian.projetsmmichamps.fr\/gods\/wp-json\/wp\/v2\/pages\/1394\/revisions\/3166"}],"wp:attachment":[{"href":"https:\/\/www.najarian.projetsmmichamps.fr\/gods\/wp-json\/wp\/v2\/media?parent=1394"}],"curies":[{"name":"wp","href":"https:\/\/api.w.org\/{rel}","templated":true}]}}