{"id":86,"date":"2025-06-03T23:02:22","date_gmt":"2025-06-03T23:02:22","guid":{"rendered":"https:\/\/www.najarian.projetsmmichamps.fr\/SiteOnePage\/?page_id=86"},"modified":"2025-06-04T10:41:15","modified_gmt":"2025-06-04T10:41:15","slug":"a-propos","status":"publish","type":"page","link":"https:\/\/www.najarian.projetsmmichamps.fr\/SiteOnePage\/a-propos\/","title":{"rendered":"\u00c0\u00a0 propos"},"content":{"rendered":"\t\t<div data-elementor-type=\"wp-page\" data-elementor-id=\"86\" class=\"elementor elementor-86\">\n\t\t\t\t<div class=\"elementor-element elementor-element-bd513e3 e-con-full e-flex e-con e-parent\" data-id=\"bd513e3\" data-element_type=\"container\">\n\t\t\t\t<div class=\"elementor-element elementor-element-04744fc elementor-widget elementor-widget-heading\" data-id=\"04744fc\" data-element_type=\"widget\" data-widget_type=\"heading.default\">\n\t\t\t\t<div class=\"elementor-widget-container\">\n\t\t\t\t\t<h1 class=\"elementor-heading-title elementor-size-default\">\u00c0 PROPOS<\/h1>\t\t\t\t<\/div>\n\t\t\t\t<\/div>\n\t\t\t\t<div class=\"elementor-element elementor-element-821c302 elementor-widget elementor-widget-spacer\" data-id=\"821c302\" data-element_type=\"widget\" data-widget_type=\"spacer.default\">\n\t\t\t\t<div class=\"elementor-widget-container\">\n\t\t\t\t\t\t\t<div class=\"elementor-spacer\">\n\t\t\t<div class=\"elementor-spacer-inner\"><\/div>\n\t\t<\/div>\n\t\t\t\t\t\t<\/div>\n\t\t\t\t<\/div>\n\t\t\t\t<\/div>\n\t\t<div class=\"elementor-element elementor-element-4e65870 e-con-full e-flex e-con e-parent\" data-id=\"4e65870\" data-element_type=\"container\" data-settings=\"{&quot;background_background&quot;:&quot;classic&quot;}\">\n\t\t<div class=\"elementor-element elementor-element-f514b04 e-con-full e-flex e-con e-child\" data-id=\"f514b04\" data-element_type=\"container\">\n\t\t\t\t<div class=\"elementor-element elementor-element-8074543 elementor-widget elementor-widget-image\" data-id=\"8074543\" data-element_type=\"widget\" data-widget_type=\"image.default\">\n\t\t\t\t<div class=\"elementor-widget-container\">\n\t\t\t\t\t\t\t\t\t\t\t\t\t\t\t<img fetchpriority=\"high\" decoding=\"async\" width=\"1024\" height=\"576\" src=\"https:\/\/www.najarian.projetsmmichamps.fr\/SiteOnePage\/wp-content\/uploads\/2025\/06\/gazo8-1024x576.jpg\" class=\"attachment-large size-large wp-image-405\" alt=\"\" srcset=\"https:\/\/www.najarian.projetsmmichamps.fr\/SiteOnePage\/wp-content\/uploads\/2025\/06\/gazo8-1024x576.jpg 1024w, https:\/\/www.najarian.projetsmmichamps.fr\/SiteOnePage\/wp-content\/uploads\/2025\/06\/gazo8-300x169.jpg 300w, https:\/\/www.najarian.projetsmmichamps.fr\/SiteOnePage\/wp-content\/uploads\/2025\/06\/gazo8-768x432.jpg 768w, https:\/\/www.najarian.projetsmmichamps.fr\/SiteOnePage\/wp-content\/uploads\/2025\/06\/gazo8.jpg 1280w\" sizes=\"(max-width: 1024px) 100vw, 1024px\" \/>\t\t\t\t\t\t\t\t\t\t\t\t\t\t\t<\/div>\n\t\t\t\t<\/div>\n\t\t\t\t<\/div>\n\t\t<div class=\"elementor-element elementor-element-a688de3 e-con-full e-flex e-con e-child\" data-id=\"a688de3\" data-element_type=\"container\">\n\t\t\t\t<div class=\"elementor-element elementor-element-f09ee1b elementor-widget elementor-widget-text-editor\" data-id=\"f09ee1b\" data-element_type=\"widget\" data-widget_type=\"text-editor.default\">\n\t\t\t\t<div class=\"elementor-widget-container\">\n\t\t\t\t\t\t\t\t\t<p data-start=\"88\" data-end=\"666\">Bienvenue sur NextDrill ! Cette page pr\u00e9sente les outils et choix techniques que j\u2019ai utilis\u00e9s pour concevoir ce site d\u00e9di\u00e9 \u00e0 l\u2019univers de Gazo. Chaque \u00e9l\u00e9ment a \u00e9t\u00e9 s\u00e9lectionn\u00e9 pour cr\u00e9er une interface claire, moderne et immersive, en accord avec l\u2019\u00e9nergie brute de l\u2019artiste.<\/p>\t\t\t\t\t\t\t\t<\/div>\n\t\t\t\t<\/div>\n\t\t\t\t<\/div>\n\t\t\t\t<\/div>\n\t\t<div class=\"elementor-element elementor-element-114a481 e-flex e-con-boxed e-con e-parent\" data-id=\"114a481\" data-element_type=\"container\">\n\t\t\t\t\t<div class=\"e-con-inner\">\n\t\t\t\t<div class=\"elementor-element elementor-element-9887fa4 elementor-widget elementor-widget-spacer\" data-id=\"9887fa4\" data-element_type=\"widget\" data-widget_type=\"spacer.default\">\n\t\t\t\t<div class=\"elementor-widget-container\">\n\t\t\t\t\t\t\t<div class=\"elementor-spacer\">\n\t\t\t<div class=\"elementor-spacer-inner\"><\/div>\n\t\t<\/div>\n\t\t\t\t\t\t<\/div>\n\t\t\t\t<\/div>\n\t\t\t\t\t<\/div>\n\t\t\t\t<\/div>\n\t\t<div class=\"elementor-element elementor-element-c930f21 e-con-full e-flex e-con e-parent\" data-id=\"c930f21\" data-element_type=\"container\">\n\t\t<div class=\"elementor-element elementor-element-c6d5484 e-con-full e-flex e-con e-child\" data-id=\"c6d5484\" data-element_type=\"container\" data-settings=\"{&quot;background_background&quot;:&quot;classic&quot;}\">\n\t\t\t\t<div class=\"elementor-element elementor-element-c0c65f4 elementor-widget elementor-widget-heading\" data-id=\"c0c65f4\" data-element_type=\"widget\" data-widget_type=\"heading.default\">\n\t\t\t\t<div class=\"elementor-widget-container\">\n\t\t\t\t\t<h2 class=\"elementor-heading-title elementor-size-default\">Th\u00e8me<\/h2>\t\t\t\t<\/div>\n\t\t\t\t<\/div>\n\t\t\t\t<div class=\"elementor-element elementor-element-5957230 elementor-widget elementor-widget-text-editor\" data-id=\"5957230\" data-element_type=\"widget\" data-widget_type=\"text-editor.default\">\n\t\t\t\t<div class=\"elementor-widget-container\">\n\t\t\t\t\t\t\t\t\t<p>J\u2019ai choisi le <strong data-start=\"391\" data-end=\"416\">th\u00e8me Hello Elementor<\/strong>, un th\u00e8me minimaliste, rapide et sp\u00e9cialement con\u00e7u pour fonctionner avec Elementor.<\/p>\t\t\t\t\t\t\t\t<\/div>\n\t\t\t\t<\/div>\n\t\t\t\t<\/div>\n\t\t<div class=\"elementor-element elementor-element-db1d396 e-con-full e-flex e-con e-child\" data-id=\"db1d396\" data-element_type=\"container\" data-settings=\"{&quot;background_background&quot;:&quot;classic&quot;}\">\n\t\t\t\t<div class=\"elementor-element elementor-element-e0d4719 elementor-widget elementor-widget-heading\" data-id=\"e0d4719\" data-element_type=\"widget\" data-widget_type=\"heading.default\">\n\t\t\t\t<div class=\"elementor-widget-container\">\n\t\t\t\t\t<h2 class=\"elementor-heading-title elementor-size-default\">Page Builder<\/h2>\t\t\t\t<\/div>\n\t\t\t\t<\/div>\n\t\t\t\t<div class=\"elementor-element elementor-element-dbaf31c elementor-widget elementor-widget-text-editor\" data-id=\"dbaf31c\" data-element_type=\"widget\" data-widget_type=\"text-editor.default\">\n\t\t\t\t<div class=\"elementor-widget-container\">\n\t\t\t\t\t\t\t\t\t<p>Le site a \u00e9t\u00e9 enti\u00e8rement construit avec <strong data-start=\"640\" data-end=\"653\">Elementor<\/strong>, un constructeur de page en glisser-d\u00e9poser.<\/p>\t\t\t\t\t\t\t\t<\/div>\n\t\t\t\t<\/div>\n\t\t\t\t<\/div>\n\t\t\t\t<\/div>\n\t\t<div class=\"elementor-element elementor-element-b5e04bb e-flex e-con-boxed e-con e-parent\" data-id=\"b5e04bb\" data-element_type=\"container\">\n\t\t\t\t\t<div class=\"e-con-inner\">\n\t\t\t\t<div class=\"elementor-element elementor-element-d67a02e elementor-widget elementor-widget-spacer\" data-id=\"d67a02e\" data-element_type=\"widget\" data-widget_type=\"spacer.default\">\n\t\t\t\t<div class=\"elementor-widget-container\">\n\t\t\t\t\t\t\t<div class=\"elementor-spacer\">\n\t\t\t<div class=\"elementor-spacer-inner\"><\/div>\n\t\t<\/div>\n\t\t\t\t\t\t<\/div>\n\t\t\t\t<\/div>\n\t\t\t\t\t<\/div>\n\t\t\t\t<\/div>\n\t\t<div class=\"elementor-element elementor-element-57b9d74 e-con-full e-flex e-con e-parent\" data-id=\"57b9d74\" data-element_type=\"container\" data-settings=\"{&quot;background_background&quot;:&quot;classic&quot;}\">\n\t\t<div class=\"elementor-element elementor-element-99bb31c e-con-full e-flex e-con e-child\" data-id=\"99bb31c\" data-element_type=\"container\">\n\t\t\t\t<div class=\"elementor-element elementor-element-3e8fefc elementor-widget elementor-widget-heading\" data-id=\"3e8fefc\" data-element_type=\"widget\" data-widget_type=\"heading.default\">\n\t\t\t\t<div class=\"elementor-widget-container\">\n\t\t\t\t\t<h2 class=\"elementor-heading-title elementor-size-default\">Widgets sp\u00e9ciaux<\/h2>\t\t\t\t<\/div>\n\t\t\t\t<\/div>\n\t\t\t\t<div class=\"elementor-element elementor-element-c9e5670 elementor-widget elementor-widget-text-editor\" data-id=\"c9e5670\" data-element_type=\"widget\" data-widget_type=\"text-editor.default\">\n\t\t\t\t<div class=\"elementor-widget-container\">\n\t\t\t\t\t\t\t\t\t<p>J\u2019ai int\u00e9gr\u00e9 plusieurs widgets avanc\u00e9s pour enrichir l\u2019exp\u00e9rience du site : des <strong data-start=\"153\" data-end=\"178\">boutons personnalis\u00e9s<\/strong>, des <strong data-start=\"184\" data-end=\"205\">galeries d\u2019images<\/strong>, des <strong data-start=\"211\" data-end=\"229\">lecteurs audio<\/strong> (HTML et Spotify), des <strong data-start=\"253\" data-end=\"271\">vid\u00e9os YouTube<\/strong>, ainsi qu\u2019une <strong data-start=\"286\" data-end=\"315\">liste d\u2019ic\u00f4nes de contact<\/strong>. Des <strong data-start=\"321\" data-end=\"355\">animations et effets de survol<\/strong> viennent compl\u00e9ter l\u2019ensemble pour rendre l\u2019interface plus vivante et interactive.<\/p>\t\t\t\t\t\t\t\t<\/div>\n\t\t\t\t<\/div>\n\t\t\t\t<\/div>\n\t\t<div class=\"elementor-element elementor-element-2406b9d e-con-full e-flex e-con e-child\" data-id=\"2406b9d\" data-element_type=\"container\">\n\t\t\t\t<div class=\"elementor-element elementor-element-6f7cfa9 elementor-widget elementor-widget-image\" data-id=\"6f7cfa9\" data-element_type=\"widget\" data-widget_type=\"image.default\">\n\t\t\t\t<div class=\"elementor-widget-container\">\n\t\t\t\t\t\t\t\t\t\t\t\t\t\t\t<img decoding=\"async\" width=\"686\" height=\"386\" src=\"https:\/\/www.najarian.projetsmmichamps.fr\/SiteOnePage\/wp-content\/uploads\/2025\/06\/Gazo11.jpg\" class=\"attachment-large size-large wp-image-498\" alt=\"\" srcset=\"https:\/\/www.najarian.projetsmmichamps.fr\/SiteOnePage\/wp-content\/uploads\/2025\/06\/Gazo11.jpg 686w, https:\/\/www.najarian.projetsmmichamps.fr\/SiteOnePage\/wp-content\/uploads\/2025\/06\/Gazo11-300x169.jpg 300w\" sizes=\"(max-width: 686px) 100vw, 686px\" \/>\t\t\t\t\t\t\t\t\t\t\t\t\t\t\t<\/div>\n\t\t\t\t<\/div>\n\t\t\t\t<\/div>\n\t\t\t\t<\/div>\n\t\t<div class=\"elementor-element elementor-element-2128c75 e-flex e-con-boxed e-con e-parent\" data-id=\"2128c75\" data-element_type=\"container\">\n\t\t\t\t\t<div class=\"e-con-inner\">\n\t\t\t\t<div class=\"elementor-element elementor-element-9786964 elementor-widget elementor-widget-spacer\" data-id=\"9786964\" data-element_type=\"widget\" data-widget_type=\"spacer.default\">\n\t\t\t\t<div class=\"elementor-widget-container\">\n\t\t\t\t\t\t\t<div class=\"elementor-spacer\">\n\t\t\t<div class=\"elementor-spacer-inner\"><\/div>\n\t\t<\/div>\n\t\t\t\t\t\t<\/div>\n\t\t\t\t<\/div>\n\t\t\t\t\t<\/div>\n\t\t\t\t<\/div>\n\t\t<div class=\"elementor-element elementor-element-24361c5 e-con-full e-flex e-con e-parent\" data-id=\"24361c5\" data-element_type=\"container\" data-settings=\"{&quot;background_background&quot;:&quot;classic&quot;}\">\n\t\t<div class=\"elementor-element elementor-element-64e25d1 e-con-full e-flex e-con e-child\" data-id=\"64e25d1\" data-element_type=\"container\">\n\t\t\t\t<div class=\"elementor-element elementor-element-11dc22c elementor-widget elementor-widget-image\" data-id=\"11dc22c\" data-element_type=\"widget\" data-widget_type=\"image.default\">\n\t\t\t\t<div class=\"elementor-widget-container\">\n\t\t\t\t\t\t\t\t\t\t\t\t\t\t\t<img decoding=\"async\" width=\"1024\" height=\"512\" src=\"https:\/\/www.najarian.projetsmmichamps.fr\/SiteOnePage\/wp-content\/uploads\/2025\/06\/Gazo12-1024x512.jpg\" class=\"attachment-large size-large wp-image-499\" alt=\"\" srcset=\"https:\/\/www.najarian.projetsmmichamps.fr\/SiteOnePage\/wp-content\/uploads\/2025\/06\/Gazo12-1024x512.jpg 1024w, https:\/\/www.najarian.projetsmmichamps.fr\/SiteOnePage\/wp-content\/uploads\/2025\/06\/Gazo12-300x150.jpg 300w, https:\/\/www.najarian.projetsmmichamps.fr\/SiteOnePage\/wp-content\/uploads\/2025\/06\/Gazo12-768x384.jpg 768w, https:\/\/www.najarian.projetsmmichamps.fr\/SiteOnePage\/wp-content\/uploads\/2025\/06\/Gazo12-1536x768.jpg 1536w, https:\/\/www.najarian.projetsmmichamps.fr\/SiteOnePage\/wp-content\/uploads\/2025\/06\/Gazo12-2048x1024.jpg 2048w\" sizes=\"(max-width: 1024px) 100vw, 1024px\" \/>\t\t\t\t\t\t\t\t\t\t\t\t\t\t\t<\/div>\n\t\t\t\t<\/div>\n\t\t\t\t<\/div>\n\t\t<div class=\"elementor-element elementor-element-3d697ef e-con-full e-flex e-con e-child\" data-id=\"3d697ef\" data-element_type=\"container\">\n\t\t\t\t<div class=\"elementor-element elementor-element-d18a2fe elementor-widget elementor-widget-heading\" data-id=\"d18a2fe\" data-element_type=\"widget\" data-widget_type=\"heading.default\">\n\t\t\t\t<div class=\"elementor-widget-container\">\n\t\t\t\t\t<h2 class=\"elementor-heading-title elementor-size-default\">Extensions utiles<\/h2>\t\t\t\t<\/div>\n\t\t\t\t<\/div>\n\t\t\t\t<div class=\"elementor-element elementor-element-d7dfa3e elementor-widget elementor-widget-text-editor\" data-id=\"d7dfa3e\" data-element_type=\"widget\" data-widget_type=\"text-editor.default\">\n\t\t\t\t<div class=\"elementor-widget-container\">\n\t\t\t\t\t\t\t\t\t<p>J\u2019ai int\u00e9gr\u00e9 plusieurs extensions pour renforcer les fonctionnalit\u00e9s du site. <strong data-start=\"174\" data-end=\"190\">WPForms Lite<\/strong> m\u2019a permis d\u2019ajouter un formulaire de contact simple et efficace, sans avoir besoin de coder. J\u2019ai \u00e9galement utilis\u00e9 <strong data-start=\"308\" data-end=\"335\">Elementor Icons Library<\/strong> pour acc\u00e9der \u00e0 des pictogrammes modernes et expressifs, en lien avec l\u2019univers visuel du site.\u00a0Ces outils ont contribu\u00e9 \u00e0 rendre le site plus complet, dynamique et fonctionnel.<\/p>\t\t\t\t\t\t\t\t<\/div>\n\t\t\t\t<\/div>\n\t\t\t\t<\/div>\n\t\t\t\t<\/div>\n\t\t\t\t<\/div>\n\t\t","protected":false},"excerpt":{"rendered":"<p>\u00c0 PROPOS Bienvenue sur NextDrill ! Cette page pr\u00e9sente les outils et choix techniques que j\u2019ai utilis\u00e9s pour concevoir ce site d\u00e9di\u00e9 \u00e0 l\u2019univers de Gazo. Chaque \u00e9l\u00e9ment a \u00e9t\u00e9 s\u00e9lectionn\u00e9 pour cr\u00e9er une interface claire, moderne et immersive, en accord avec l\u2019\u00e9nergie brute de l\u2019artiste. Th\u00e8me J\u2019ai choisi le th\u00e8me Hello Elementor, un th\u00e8me [&hellip;]<\/p>\n","protected":false},"author":1,"featured_media":0,"parent":0,"menu_order":0,"comment_status":"closed","ping_status":"closed","template":"","meta":{"footnotes":""},"class_list":["post-86","page","type-page","status-publish","hentry"],"_links":{"self":[{"href":"https:\/\/www.najarian.projetsmmichamps.fr\/SiteOnePage\/wp-json\/wp\/v2\/pages\/86","targetHints":{"allow":["GET"]}}],"collection":[{"href":"https:\/\/www.najarian.projetsmmichamps.fr\/SiteOnePage\/wp-json\/wp\/v2\/pages"}],"about":[{"href":"https:\/\/www.najarian.projetsmmichamps.fr\/SiteOnePage\/wp-json\/wp\/v2\/types\/page"}],"author":[{"embeddable":true,"href":"https:\/\/www.najarian.projetsmmichamps.fr\/SiteOnePage\/wp-json\/wp\/v2\/users\/1"}],"replies":[{"embeddable":true,"href":"https:\/\/www.najarian.projetsmmichamps.fr\/SiteOnePage\/wp-json\/wp\/v2\/comments?post=86"}],"version-history":[{"count":205,"href":"https:\/\/www.najarian.projetsmmichamps.fr\/SiteOnePage\/wp-json\/wp\/v2\/pages\/86\/revisions"}],"predecessor-version":[{"id":544,"href":"https:\/\/www.najarian.projetsmmichamps.fr\/SiteOnePage\/wp-json\/wp\/v2\/pages\/86\/revisions\/544"}],"wp:attachment":[{"href":"https:\/\/www.najarian.projetsmmichamps.fr\/SiteOnePage\/wp-json\/wp\/v2\/media?parent=86"}],"curies":[{"name":"wp","href":"https:\/\/api.w.org\/{rel}","templated":true}]}}