{"id":7,"date":"2025-06-03T18:58:53","date_gmt":"2025-06-03T18:58:53","guid":{"rendered":"https:\/\/www.najarian.projetsmmichamps.fr\/SiteOnePage\/?page_id=7"},"modified":"2025-06-04T10:29:31","modified_gmt":"2025-06-04T10:29:31","slug":"accueil","status":"publish","type":"page","link":"https:\/\/www.najarian.projetsmmichamps.fr\/SiteOnePage\/","title":{"rendered":"Accueil"},"content":{"rendered":"\t\t<div data-elementor-type=\"wp-page\" data-elementor-id=\"7\" class=\"elementor elementor-7\">\n\t\t\t\t<div class=\"elementor-element elementor-element-83d07d5 e-flex e-con-boxed e-con e-parent\" data-id=\"83d07d5\" data-element_type=\"container\">\n\t\t\t\t\t<div class=\"e-con-inner\">\n\t\t<div class=\"elementor-element elementor-element-80a60be e-con-full e-flex e-con e-child\" data-id=\"80a60be\" data-element_type=\"container\" data-settings=\"{&quot;background_background&quot;:&quot;classic&quot;}\">\n\t\t<div class=\"elementor-element elementor-element-34d4c9b e-con-full e-flex e-con e-child\" data-id=\"34d4c9b\" data-element_type=\"container\">\n\t\t\t\t<div class=\"elementor-element elementor-element-3bf980d elementor-widget elementor-widget-heading\" data-id=\"3bf980d\" data-element_type=\"widget\" data-widget_type=\"heading.default\">\n\t\t\t\t<div class=\"elementor-widget-container\">\n\t\t\t\t\t<h1 class=\"elementor-heading-title elementor-size-default\">Gazo - Ibrahima Diakit\u00e9<\/h1>\t\t\t\t<\/div>\n\t\t\t\t<\/div>\n\t\t\t\t<div class=\"elementor-element elementor-element-9935d2e elementor-widget elementor-widget-text-editor\" data-id=\"9935d2e\" data-element_type=\"widget\" data-widget_type=\"text-editor.default\">\n\t\t\t\t<div class=\"elementor-widget-container\">\n\t\t\t\t\t\t\t\t\t<p>Depuis le d\u00e9sormais culte \u00ab\u00a0Drill FR4\u00a0\u00bb avec Freeze Corleone, l\u2019ascension de Gazo aura \u00e9t\u00e9 plus que fulgurante. Multipliant les collaborations, le rappeur aura pu et su montrer qu\u2019il ne faisait pas que de la Drill, et que sa palette artistique \u00e9tait pleine de surprises. Pouvant l\u00e2cher un rap cru, sombre et \u00e9nerv\u00e9, Gazo peut aussi faire des refrains plus ent\u00eatants, et g\u00e9rer les m\u00e9lodies. Avec son album \u00ab\u00a0Drill FR\u00a0\u00bb, Gazo aura su convaincre et agrandir sa fan base, obtenant de nombreuses certifications comme l\u2019un des morceaux phares du projet \u00ab\u00a0Haine &amp; Sex\u00a0\u00bb. Pr\u00e9sent sur de nombreux projets, le rappeur \u00e0 la voix \u00e9raill\u00e9e et mena\u00e7ante, est de retour en solo, avec plus d\u2019une cartouche dans le barillet ! Pr\u00e9parez-vous, le Raz- de-mar\u00e9e Gazo est \u00e0 nouveau pr\u00eat \u00e0 tout inonder !<\/p>\t\t\t\t\t\t\t\t<\/div>\n\t\t\t\t<\/div>\n\t\t\t\t<\/div>\n\t\t<div class=\"elementor-element elementor-element-b24d9a0 e-con-full e-flex e-con e-child\" data-id=\"b24d9a0\" data-element_type=\"container\">\n\t\t\t\t<div class=\"elementor-element elementor-element-8570e74 elementor-widget elementor-widget-image\" data-id=\"8570e74\" data-element_type=\"widget\" data-widget_type=\"image.default\">\n\t\t\t\t<div class=\"elementor-widget-container\">\n\t\t\t\t\t\t\t\t\t\t\t\t\t\t\t<img fetchpriority=\"high\" decoding=\"async\" width=\"1024\" height=\"683\" src=\"https:\/\/www.najarian.projetsmmichamps.fr\/SiteOnePage\/wp-content\/uploads\/2025\/06\/Gazo1-1024x683.jpg\" class=\"attachment-large size-large wp-image-12\" alt=\"\" srcset=\"https:\/\/www.najarian.projetsmmichamps.fr\/SiteOnePage\/wp-content\/uploads\/2025\/06\/Gazo1-1024x683.jpg 1024w, https:\/\/www.najarian.projetsmmichamps.fr\/SiteOnePage\/wp-content\/uploads\/2025\/06\/Gazo1-300x200.jpg 300w, https:\/\/www.najarian.projetsmmichamps.fr\/SiteOnePage\/wp-content\/uploads\/2025\/06\/Gazo1-768x512.jpg 768w, https:\/\/www.najarian.projetsmmichamps.fr\/SiteOnePage\/wp-content\/uploads\/2025\/06\/Gazo1-1536x1024.jpg 1536w, https:\/\/www.najarian.projetsmmichamps.fr\/SiteOnePage\/wp-content\/uploads\/2025\/06\/Gazo1-2048x1365.jpg 2048w\" sizes=\"(max-width: 1024px) 100vw, 1024px\" \/>\t\t\t\t\t\t\t\t\t\t\t\t\t\t\t<\/div>\n\t\t\t\t<\/div>\n\t\t\t\t<\/div>\n\t\t\t\t<\/div>\n\t\t\t\t<div class=\"elementor-element elementor-element-9e6e688 elementor-widget elementor-widget-spacer\" data-id=\"9e6e688\" data-element_type=\"widget\" data-widget_type=\"spacer.default\">\n\t\t\t\t<div class=\"elementor-widget-container\">\n\t\t\t\t\t\t\t<div class=\"elementor-spacer\">\n\t\t\t<div class=\"elementor-spacer-inner\"><\/div>\n\t\t<\/div>\n\t\t\t\t\t\t<\/div>\n\t\t\t\t<\/div>\n\t\t<div class=\"elementor-element elementor-element-8f2bb67 e-con-full e-flex e-con e-child\" data-id=\"8f2bb67\" data-element_type=\"container\">\n\t\t\t\t<div class=\"elementor-element elementor-element-ca71dba elementor-widget elementor-widget-heading\" data-id=\"ca71dba\" data-element_type=\"widget\" data-widget_type=\"heading.default\">\n\t\t\t\t<div class=\"elementor-widget-container\">\n\t\t\t\t\t<h2 class=\"elementor-heading-title elementor-size-default\">Le nouveau projet de Gazo \u00ab Apocalypse \u00bb, est d\u00e9sormais dispo !<\/h2>\t\t\t\t<\/div>\n\t\t\t\t<\/div>\n\t\t\t\t<div class=\"elementor-element elementor-element-5f27dd6 elementor-widget__width-initial elementor-widget elementor-widget-html\" data-id=\"5f27dd6\" data-element_type=\"widget\" data-widget_type=\"html.default\">\n\t\t\t\t<div class=\"elementor-widget-container\">\n\t\t\t\t\t<iframe style=\"border-radius:12px\" src=\"https:\/\/open.spotify.com\/embed\/album\/2S3b0g5oagefbTJBf2OVn9?utm_source=generator&theme=0\" width=\"100%\" height=\"352\" frameBorder=\"0\" allowfullscreen=\"\" allow=\"autoplay; clipboard-write; encrypted-media; fullscreen; picture-in-picture\" loading=\"lazy\"><\/iframe>\t\t\t\t<\/div>\n\t\t\t\t<\/div>\n\t\t\t\t<\/div>\n\t\t\t\t<div class=\"elementor-element elementor-element-28b43da elementor-widget elementor-widget-spacer\" data-id=\"28b43da\" data-element_type=\"widget\" data-widget_type=\"spacer.default\">\n\t\t\t\t<div class=\"elementor-widget-container\">\n\t\t\t\t\t\t\t<div class=\"elementor-spacer\">\n\t\t\t<div class=\"elementor-spacer-inner\"><\/div>\n\t\t<\/div>\n\t\t\t\t\t\t<\/div>\n\t\t\t\t<\/div>\n\t\t<div class=\"elementor-element elementor-element-1d8626f2 e-con-full e-flex e-con e-child\" data-id=\"1d8626f2\" data-element_type=\"container\" data-settings=\"{&quot;background_background&quot;:&quot;classic&quot;}\">\n\t\t<div class=\"elementor-element elementor-element-452223c3 e-con-full e-flex e-con e-child\" data-id=\"452223c3\" data-element_type=\"container\">\n\t\t<div class=\"elementor-element elementor-element-7d675b4a e-con-full e-flex e-con e-child\" data-id=\"7d675b4a\" data-element_type=\"container\">\n\t\t\t\t<div class=\"elementor-element elementor-element-21d326f5 elementor-widget elementor-widget-image\" data-id=\"21d326f5\" data-element_type=\"widget\" data-widget_type=\"image.default\">\n\t\t\t\t<div class=\"elementor-widget-container\">\n\t\t\t\t\t\t\t\t\t\t\t\t\t\t\t<img decoding=\"async\" width=\"600\" height=\"600\" src=\"https:\/\/www.najarian.projetsmmichamps.fr\/SiteOnePage\/wp-content\/uploads\/2025\/06\/Gazo4.jpg\" class=\"attachment-large size-large wp-image-97\" alt=\"\" srcset=\"https:\/\/www.najarian.projetsmmichamps.fr\/SiteOnePage\/wp-content\/uploads\/2025\/06\/Gazo4.jpg 600w, https:\/\/www.najarian.projetsmmichamps.fr\/SiteOnePage\/wp-content\/uploads\/2025\/06\/Gazo4-300x300.jpg 300w, https:\/\/www.najarian.projetsmmichamps.fr\/SiteOnePage\/wp-content\/uploads\/2025\/06\/Gazo4-150x150.jpg 150w\" sizes=\"(max-width: 600px) 100vw, 600px\" \/>\t\t\t\t\t\t\t\t\t\t\t\t\t\t\t<\/div>\n\t\t\t\t<\/div>\n\t\t\t\t<div class=\"elementor-element elementor-element-4d60f3eb elementor-widget elementor-widget-image\" data-id=\"4d60f3eb\" data-element_type=\"widget\" data-widget_type=\"image.default\">\n\t\t\t\t<div class=\"elementor-widget-container\">\n\t\t\t\t\t\t\t\t\t\t\t\t\t\t\t<img decoding=\"async\" width=\"1024\" height=\"576\" src=\"https:\/\/www.najarian.projetsmmichamps.fr\/SiteOnePage\/wp-content\/uploads\/2025\/06\/Gazo2-1024x576.jpeg\" class=\"attachment-large size-large wp-image-11\" alt=\"\" srcset=\"https:\/\/www.najarian.projetsmmichamps.fr\/SiteOnePage\/wp-content\/uploads\/2025\/06\/Gazo2-1024x576.jpeg 1024w, https:\/\/www.najarian.projetsmmichamps.fr\/SiteOnePage\/wp-content\/uploads\/2025\/06\/Gazo2-300x169.jpeg 300w, https:\/\/www.najarian.projetsmmichamps.fr\/SiteOnePage\/wp-content\/uploads\/2025\/06\/Gazo2-768x432.jpeg 768w, https:\/\/www.najarian.projetsmmichamps.fr\/SiteOnePage\/wp-content\/uploads\/2025\/06\/Gazo2.jpeg 1124w\" sizes=\"(max-width: 1024px) 100vw, 1024px\" \/>\t\t\t\t\t\t\t\t\t\t\t\t\t\t\t<\/div>\n\t\t\t\t<\/div>\n\t\t\t\t<\/div>\n\t\t<div class=\"elementor-element elementor-element-2ddb4871 e-con-full e-flex e-con e-child\" data-id=\"2ddb4871\" data-element_type=\"container\">\n\t\t\t\t<div class=\"elementor-element elementor-element-64fe8662 elementor-widget elementor-widget-image\" data-id=\"64fe8662\" data-element_type=\"widget\" data-widget_type=\"image.default\">\n\t\t\t\t<div class=\"elementor-widget-container\">\n\t\t\t\t\t\t\t\t\t\t\t\t\t\t\t<img loading=\"lazy\" decoding=\"async\" width=\"864\" height=\"486\" src=\"https:\/\/www.najarian.projetsmmichamps.fr\/SiteOnePage\/wp-content\/uploads\/2025\/06\/Gazo3.jpg\" class=\"attachment-large size-large wp-image-13\" alt=\"\" srcset=\"https:\/\/www.najarian.projetsmmichamps.fr\/SiteOnePage\/wp-content\/uploads\/2025\/06\/Gazo3.jpg 864w, https:\/\/www.najarian.projetsmmichamps.fr\/SiteOnePage\/wp-content\/uploads\/2025\/06\/Gazo3-300x169.jpg 300w, https:\/\/www.najarian.projetsmmichamps.fr\/SiteOnePage\/wp-content\/uploads\/2025\/06\/Gazo3-768x432.jpg 768w\" sizes=\"(max-width: 864px) 100vw, 864px\" \/>\t\t\t\t\t\t\t\t\t\t\t\t\t\t\t<\/div>\n\t\t\t\t<\/div>\n\t\t\t\t<div class=\"elementor-element elementor-element-4a57ac7c elementor-widget elementor-widget-image\" data-id=\"4a57ac7c\" data-element_type=\"widget\" data-widget_type=\"image.default\">\n\t\t\t\t<div class=\"elementor-widget-container\">\n\t\t\t\t\t\t\t\t\t\t\t\t\t\t\t<img loading=\"lazy\" decoding=\"async\" width=\"1024\" height=\"1024\" src=\"https:\/\/www.najarian.projetsmmichamps.fr\/SiteOnePage\/wp-content\/uploads\/2025\/06\/Gazo5-1-1024x1024.jpg\" class=\"attachment-large size-large wp-image-100\" alt=\"\" srcset=\"https:\/\/www.najarian.projetsmmichamps.fr\/SiteOnePage\/wp-content\/uploads\/2025\/06\/Gazo5-1-1024x1024.jpg 1024w, https:\/\/www.najarian.projetsmmichamps.fr\/SiteOnePage\/wp-content\/uploads\/2025\/06\/Gazo5-1-300x300.jpg 300w, https:\/\/www.najarian.projetsmmichamps.fr\/SiteOnePage\/wp-content\/uploads\/2025\/06\/Gazo5-1-150x150.jpg 150w, https:\/\/www.najarian.projetsmmichamps.fr\/SiteOnePage\/wp-content\/uploads\/2025\/06\/Gazo5-1-768x768.jpg 768w, https:\/\/www.najarian.projetsmmichamps.fr\/SiteOnePage\/wp-content\/uploads\/2025\/06\/Gazo5-1-1536x1536.jpg 1536w, https:\/\/www.najarian.projetsmmichamps.fr\/SiteOnePage\/wp-content\/uploads\/2025\/06\/Gazo5-1.jpg 1900w\" sizes=\"(max-width: 1024px) 100vw, 1024px\" \/>\t\t\t\t\t\t\t\t\t\t\t\t\t\t\t<\/div>\n\t\t\t\t<\/div>\n\t\t\t\t<\/div>\n\t\t\t\t<\/div>\n\t\t<div class=\"elementor-element elementor-element-67682466 e-con-full e-flex e-con e-child\" data-id=\"67682466\" data-element_type=\"container\">\n\t\t\t\t<div class=\"elementor-element elementor-element-2f988fd0 elementor-widget elementor-widget-heading\" data-id=\"2f988fd0\" data-element_type=\"widget\" data-widget_type=\"heading.default\">\n\t\t\t\t<div class=\"elementor-widget-container\">\n\t\t\t\t\t<h3 class=\"elementor-heading-title elementor-size-default\">Ces prochains concerts<\/h3>\t\t\t\t<\/div>\n\t\t\t\t<\/div>\n\t\t\t\t<div class=\"elementor-element elementor-element-ef1af9b elementor-icon-list--layout-traditional elementor-list-item-link-full_width elementor-widget elementor-widget-icon-list\" data-id=\"ef1af9b\" data-element_type=\"widget\" data-widget_type=\"icon-list.default\">\n\t\t\t\t<div class=\"elementor-widget-container\">\n\t\t\t\t\t\t\t<ul class=\"elementor-icon-list-items\">\n\t\t\t\t\t\t\t<li class=\"elementor-icon-list-item\">\n\t\t\t\t\t\t\t\t\t\t\t<span class=\"elementor-icon-list-icon\">\n\t\t\t\t\t\t\t<svg aria-hidden=\"true\" class=\"e-font-icon-svg e-fas-circle\" viewBox=\"0 0 512 512\" xmlns=\"http:\/\/www.w3.org\/2000\/svg\"><path d=\"M256 8C119 8 8 119 8 256s111 248 248 248 248-111 248-248S393 8 256 8z\"><\/path><\/svg>\t\t\t\t\t\t<\/span>\n\t\t\t\t\t\t\t\t\t\t<span class=\"elementor-icon-list-text\">LILLE - 29 oct. 2025<\/span>\n\t\t\t\t\t\t\t\t\t<\/li>\n\t\t\t\t\t\t\t\t<li class=\"elementor-icon-list-item\">\n\t\t\t\t\t\t\t\t\t\t\t<span class=\"elementor-icon-list-icon\">\n\t\t\t\t\t\t\t<svg aria-hidden=\"true\" class=\"e-font-icon-svg e-fas-circle\" viewBox=\"0 0 512 512\" xmlns=\"http:\/\/www.w3.org\/2000\/svg\"><path d=\"M256 8C119 8 8 119 8 256s111 248 248 248 248-111 248-248S393 8 256 8z\"><\/path><\/svg>\t\t\t\t\t\t<\/span>\n\t\t\t\t\t\t\t\t\t\t<span class=\"elementor-icon-list-text\">REIMS - 30 oct. 2025<\/span>\n\t\t\t\t\t\t\t\t\t<\/li>\n\t\t\t\t\t\t\t\t<li class=\"elementor-icon-list-item\">\n\t\t\t\t\t\t\t\t\t\t\t<span class=\"elementor-icon-list-icon\">\n\t\t\t\t\t\t\t<svg aria-hidden=\"true\" class=\"e-font-icon-svg e-fas-circle\" viewBox=\"0 0 512 512\" xmlns=\"http:\/\/www.w3.org\/2000\/svg\"><path d=\"M256 8C119 8 8 119 8 256s111 248 248 248 248-111 248-248S393 8 256 8z\"><\/path><\/svg>\t\t\t\t\t\t<\/span>\n\t\t\t\t\t\t\t\t\t\t<span class=\"elementor-icon-list-text\">ORL\u00c9ANS - 31 oct. 2025<\/span>\n\t\t\t\t\t\t\t\t\t<\/li>\n\t\t\t\t\t\t\t\t<li class=\"elementor-icon-list-item\">\n\t\t\t\t\t\t\t\t\t\t\t<span class=\"elementor-icon-list-icon\">\n\t\t\t\t\t\t\t<svg aria-hidden=\"true\" class=\"e-font-icon-svg e-fas-circle\" viewBox=\"0 0 512 512\" xmlns=\"http:\/\/www.w3.org\/2000\/svg\"><path d=\"M256 8C119 8 8 119 8 256s111 248 248 248 248-111 248-248S393 8 256 8z\"><\/path><\/svg>\t\t\t\t\t\t<\/span>\n\t\t\t\t\t\t\t\t\t\t<span class=\"elementor-icon-list-text\">MARSEILLE - 7 nov. 2025<\/span>\n\t\t\t\t\t\t\t\t\t<\/li>\n\t\t\t\t\t\t<\/ul>\n\t\t\t\t\t\t<\/div>\n\t\t\t\t<\/div>\n\t\t\t\t<div class=\"elementor-element elementor-element-9f60736 elementor-widget elementor-widget-button\" data-id=\"9f60736\" data-element_type=\"widget\" data-widget_type=\"button.default\">\n\t\t\t\t<div class=\"elementor-widget-container\">\n\t\t\t\t\t\t\t\t\t<div class=\"elementor-button-wrapper\">\n\t\t\t\t\t<a class=\"elementor-button elementor-button-link elementor-size-sm\" href=\"https:\/\/www.fnacspectacles.com\/artist\/gazo\/gazo-tournee-3534026\/?affiliate=QLY\" target=\"_blank\">\n\t\t\t\t\t\t<span class=\"elementor-button-content-wrapper\">\n\t\t\t\t\t\t\t\t\t<span class=\"elementor-button-text\">Voir plus<\/span>\n\t\t\t\t\t<\/span>\n\t\t\t\t\t<\/a>\n\t\t\t\t<\/div>\n\t\t\t\t\t\t\t\t<\/div>\n\t\t\t\t<\/div>\n\t\t\t\t<\/div>\n\t\t\t\t<\/div>\n\t\t\t\t<div class=\"elementor-element elementor-element-09bf256 elementor-widget elementor-widget-spacer\" data-id=\"09bf256\" data-element_type=\"widget\" data-widget_type=\"spacer.default\">\n\t\t\t\t<div class=\"elementor-widget-container\">\n\t\t\t\t\t\t\t<div class=\"elementor-spacer\">\n\t\t\t<div class=\"elementor-spacer-inner\"><\/div>\n\t\t<\/div>\n\t\t\t\t\t\t<\/div>\n\t\t\t\t<\/div>\n\t\t\t\t<div class=\"elementor-element elementor-element-0454d98 elementor-widget elementor-widget-spacer\" data-id=\"0454d98\" data-element_type=\"widget\" data-widget_type=\"spacer.default\">\n\t\t\t\t<div class=\"elementor-widget-container\">\n\t\t\t\t\t\t\t<div class=\"elementor-spacer\">\n\t\t\t<div class=\"elementor-spacer-inner\"><\/div>\n\t\t<\/div>\n\t\t\t\t\t\t<\/div>\n\t\t\t\t<\/div>\n\t\t\t\t\t<\/div>\n\t\t\t\t<\/div>\n\t\t<div class=\"elementor-element elementor-element-17dd617 e-con-full e-flex e-con e-parent\" data-id=\"17dd617\" data-element_type=\"container\">\n\t\t<div class=\"elementor-element elementor-element-023bfed e-con-full e-flex e-con e-child\" data-id=\"023bfed\" data-element_type=\"container\">\n\t\t\t\t<div class=\"elementor-element elementor-element-66796ee elementor-widget elementor-widget-heading\" data-id=\"66796ee\" data-element_type=\"widget\" data-widget_type=\"heading.default\">\n\t\t\t\t<div class=\"elementor-widget-container\">\n\t\t\t\t\t<h2 class=\"elementor-heading-title elementor-size-default\">Gazo envoie le clip de son titre \u00ab Fiesta \u00bb, en feat avec Morad !<\/h2>\t\t\t\t<\/div>\n\t\t\t\t<\/div>\n\t\t\t\t<div class=\"elementor-element elementor-element-a4f214e elementor-widget elementor-widget-video\" data-id=\"a4f214e\" data-element_type=\"widget\" data-settings=\"{&quot;youtube_url&quot;:&quot;https:\\\/\\\/www.youtube.com\\\/watch?v=ydsyKDe4rRQ&quot;,&quot;video_type&quot;:&quot;youtube&quot;,&quot;controls&quot;:&quot;yes&quot;}\" data-widget_type=\"video.default\">\n\t\t\t\t<div class=\"elementor-widget-container\">\n\t\t\t\t\t\t\t<div class=\"elementor-wrapper elementor-open-inline\">\n\t\t\t<div class=\"elementor-video\"><\/div>\t\t<\/div>\n\t\t\t\t\t\t<\/div>\n\t\t\t\t<\/div>\n\t\t\t\t<\/div>\n\t\t<div class=\"elementor-element elementor-element-b25b094 e-con-full e-flex e-con e-child\" data-id=\"b25b094\" data-element_type=\"container\" data-settings=\"{&quot;background_background&quot;:&quot;classic&quot;}\">\n\t\t\t\t<div class=\"elementor-element elementor-element-fe6e381 elementor-widget elementor-widget-heading\" data-id=\"fe6e381\" data-element_type=\"widget\" data-widget_type=\"heading.default\">\n\t\t\t\t<div class=\"elementor-widget-container\">\n\t\t\t\t\t<h2 class=\"elementor-heading-title elementor-size-default\">Restez \u00e0 l'\u00e9coute. Restez connect\u00e9.<\/h2>\t\t\t\t<\/div>\n\t\t\t\t<\/div>\n\t\t\t\t<div class=\"elementor-element elementor-element-166fdd6 elementor-widget elementor-widget-wpforms\" data-id=\"166fdd6\" data-element_type=\"widget\" data-widget_type=\"wpforms.default\">\n\t\t\t\t<div class=\"elementor-widget-container\">\n\t\t\t\t\t<style id=\"wpforms-css-vars-elementor-widget-166fdd6\">\n\t\t\t\t.elementor-widget-wpforms.elementor-element-166fdd6 {\n\t\t\t\t--wpforms-field-border-color: #000000;\n--wpforms-field-border-color-spare: #000000;\n--wpforms-field-text-color: #000000;\n--wpforms-label-color: #FFFFFF;\n--wpforms-label-sublabel-color: #FFFFFF;\n--wpforms-button-background-color: #009BFF;\n--wpforms-button-text-color: #000000;\n--wpforms-field-size-input-height: 43px;\n--wpforms-field-size-input-spacing: 15px;\n--wpforms-field-size-font-size: 16px;\n--wpforms-field-size-line-height: 19px;\n--wpforms-field-size-padding-h: 14px;\n--wpforms-field-size-checkbox-size: 16px;\n--wpforms-field-size-sublabel-spacing: 5px;\n--wpforms-field-size-icon-size: 1;\n--wpforms-label-size-font-size: 16px;\n--wpforms-label-size-line-height: 19px;\n--wpforms-label-size-sublabel-font-size: 14px;\n--wpforms-label-size-sublabel-line-height: 17px;\n--wpforms-button-size-font-size: 17px;\n--wpforms-button-size-height: 41px;\n--wpforms-button-size-padding-h: 15px;\n--wpforms-button-size-margin-top: 10px;\n\n\t\t\t}\n\t\t\t<\/style><div class=\"wpforms-container wpforms-container-full wpforms-render-modern\" id=\"wpforms-267\"><form id=\"wpforms-form-267\" class=\"wpforms-validate wpforms-form wpforms-ajax-form\" data-formid=\"267\" method=\"post\" enctype=\"multipart\/form-data\" action=\"\/SiteOnePage\/wp-json\/wp\/v2\/pages\/7\" data-token=\"e8a45a553e3123ea18b00c7517e8d293\" data-token-time=\"1778491706\"><noscript class=\"wpforms-error-noscript\">Veuillez activer JavaScript dans votre navigateur pour remplir ce formulaire.<\/noscript><div class=\"wpforms-hidden\" id=\"wpforms-error-noscript\">Veuillez activer JavaScript dans votre navigateur pour remplir ce formulaire.<\/div><div class=\"wpforms-field-container\"><div id=\"wpforms-267-field_1-container\" class=\"wpforms-field wpforms-field-email\" data-field-id=\"1\"><label class=\"wpforms-field-label\" for=\"wpforms-267-field_1\">Recevez des nouveaut\u00e9s exclusives, des anecdotes en coulisses et des extraits musicaux <span class=\"wpforms-required-label\" aria-hidden=\"true\">*<\/span><\/label><input type=\"email\" id=\"wpforms-267-field_1\" class=\"wpforms-field-medium wpforms-field-required\" name=\"wpforms[fields][1]\" placeholder=\"Email\" spellcheck=\"false\" aria-errormessage=\"wpforms-267-field_1-error\" required><\/div><\/div><!-- .wpforms-field-container --><div class=\"wpforms-submit-container\" ><input type=\"hidden\" name=\"wpforms[id]\" value=\"267\"><input type=\"hidden\" name=\"page_title\" value=\"\"><input type=\"hidden\" name=\"page_url\" value=\"https:\/\/www.najarian.projetsmmichamps.fr\/SiteOnePage\/wp-json\/wp\/v2\/pages\/7\"><input type=\"hidden\" name=\"url_referer\" value=\"\"><button type=\"submit\" name=\"wpforms[submit]\" id=\"wpforms-submit-267\" class=\"wpforms-submit\" data-alt-text=\"Envoi...\" data-submit-text=\"Envoyer\" aria-live=\"assertive\" value=\"wpforms-submit\">Envoyer<\/button><img loading=\"lazy\" decoding=\"async\" src=\"https:\/\/www.najarian.projetsmmichamps.fr\/SiteOnePage\/wp-content\/plugins\/wpforms-lite\/assets\/images\/submit-spin.svg\" class=\"wpforms-submit-spinner\" style=\"display: none;\" width=\"26\" height=\"26\" alt=\"Chargement en cours\"><\/div><\/form><\/div>  <!-- .wpforms-container -->\t\t\t\t<\/div>\n\t\t\t\t<\/div>\n\t\t\t\t<\/div>\n\t\t\t\t<\/div>\n\t\t\t\t<\/div>\n\t\t","protected":false},"excerpt":{"rendered":"<p>Gazo &#8211; Ibrahima Diakit\u00e9 Depuis le d\u00e9sormais culte \u00ab\u00a0Drill FR4\u00a0\u00bb avec Freeze Corleone, l\u2019ascension de Gazo aura \u00e9t\u00e9 plus que fulgurante. Multipliant les collaborations, le rappeur aura pu et su montrer qu\u2019il ne faisait pas que de la Drill, et que sa palette artistique \u00e9tait pleine de surprises. Pouvant l\u00e2cher un rap cru, sombre et [&hellip;]<\/p>\n","protected":false},"author":1,"featured_media":0,"parent":0,"menu_order":0,"comment_status":"closed","ping_status":"closed","template":"","meta":{"footnotes":""},"class_list":["post-7","page","type-page","status-publish","hentry"],"_links":{"self":[{"href":"https:\/\/www.najarian.projetsmmichamps.fr\/SiteOnePage\/wp-json\/wp\/v2\/pages\/7","targetHints":{"allow":["GET"]}}],"collection":[{"href":"https:\/\/www.najarian.projetsmmichamps.fr\/SiteOnePage\/wp-json\/wp\/v2\/pages"}],"about":[{"href":"https:\/\/www.najarian.projetsmmichamps.fr\/SiteOnePage\/wp-json\/wp\/v2\/types\/page"}],"author":[{"embeddable":true,"href":"https:\/\/www.najarian.projetsmmichamps.fr\/SiteOnePage\/wp-json\/wp\/v2\/users\/1"}],"replies":[{"embeddable":true,"href":"https:\/\/www.najarian.projetsmmichamps.fr\/SiteOnePage\/wp-json\/wp\/v2\/comments?post=7"}],"version-history":[{"count":220,"href":"https:\/\/www.najarian.projetsmmichamps.fr\/SiteOnePage\/wp-json\/wp\/v2\/pages\/7\/revisions"}],"predecessor-version":[{"id":529,"href":"https:\/\/www.najarian.projetsmmichamps.fr\/SiteOnePage\/wp-json\/wp\/v2\/pages\/7\/revisions\/529"}],"wp:attachment":[{"href":"https:\/\/www.najarian.projetsmmichamps.fr\/SiteOnePage\/wp-json\/wp\/v2\/media?parent=7"}],"curies":[{"name":"wp","href":"https:\/\/api.w.org\/{rel}","templated":true}]}}